{"id":12803,"date":"2025-09-10T11:28:33","date_gmt":"2025-09-10T11:28:33","guid":{"rendered":"https:\/\/hotelchateaulaurier.com\/?page_id=12803"},"modified":"2025-09-10T11:35:23","modified_gmt":"2025-09-10T11:35:23","slug":"accessible-guest-rooms","status":"publish","type":"page","link":"https:\/\/hotelchateaulaurier.com\/en\/accessible-guest-rooms\/","title":{"rendered":"Accessible Guest Rooms"},"content":{"rendered":"\n<p>We are committed to offering each of our guests a comfortable, safe, and enjoyable stay. That&#8217;s why our hotel has rooms specially designed to accommodate people with reduced mobility.<br>These spaces combine practicality and elegance, with adapted amenities that facilitate movement and ensure maximum independence.<\/p>\n\n\n\n<p>For more information or to make a reservation for one of these rooms: <strong>1-877-522-8108 \/ 418-522-8108<\/strong><\/p>\n\n\n\n<h2 class=\"wp-block-heading\"><strong>Chambres Classique &#8211; Tr\u00e8s grand lit (269 &amp; 369)<\/strong><\/h2>\n\n\n\n<p><strong>Salle de bain<\/strong><br> \u2022 Douche sans seuil avec pomme ajustable en hauteur<br> \u2022 Banc fix\u00e9 au mur<br> \u2022 Largeur de la porte : 34 3\/8\u201d (87,3 cm)<br> \u2022 Distance entre le coin du mur et la porte ouverte : 37 7\/8\u201d (96,2 cm)<\/p>\n\n\n\n<figure class=\"wp-block-gallery has-nested-images columns-default is-cropped wp-block-gallery-1 is-layout-flex wp-block-gallery-is-layout-flex\">\n<figure class=\"wp-block-image size-large\"><img loading=\"lazy\" decoding=\"async\" width=\"600\" height=\"800\" data-id=\"12751\" src=\"https:\/\/hotelchateaulaurier.com\/wp-content\/uploads\/2025\/08\/image-2.jpg\" alt=\"\" class=\"wp-image-12751\" srcset=\"https:\/\/hotelchateaulaurier.com\/wp-content\/uploads\/2025\/08\/image-2.jpg 600w, https:\/\/hotelchateaulaurier.com\/wp-content\/uploads\/2025\/08\/image-2-225x300.jpg 225w\" sizes=\"auto, (max-width: 600px) 100vw, 600px\" \/><\/figure>\n\n\n\n<figure class=\"wp-block-image size-large\"><img loading=\"lazy\" decoding=\"async\" width=\"4284\" height=\"5712\" data-id=\"12749\" src=\"https:\/\/hotelchateaulaurier.com\/wp-content\/uploads\/2025\/08\/image-3-rotated.jpg\" alt=\"\" class=\"wp-image-12749\" srcset=\"https:\/\/hotelchateaulaurier.com\/wp-content\/uploads\/2025\/08\/image-3-rotated.jpg 4284w, https:\/\/hotelchateaulaurier.com\/wp-content\/uploads\/2025\/08\/image-3-225x300.jpg 225w, https:\/\/hotelchateaulaurier.com\/wp-content\/uploads\/2025\/08\/image-3-768x1024.jpg 768w, https:\/\/hotelchateaulaurier.com\/wp-content\/uploads\/2025\/08\/image-3-1152x1536.jpg 1152w, https:\/\/hotelchateaulaurier.com\/wp-content\/uploads\/2025\/08\/image-3-2000x2667.jpg 2000w\" sizes=\"auto, (max-width: 4284px) 100vw, 4284px\" \/><\/figure>\n<\/figure>\n\n\n\n<div style=\"height:100px\" aria-hidden=\"true\" class=\"wp-block-spacer\"><\/div>\n\n\n\n<div class=\"wp-block-media-text has-media-on-the-right is-stacked-on-mobile is-vertically-aligned-top has-beige-200-background-color has-background\" style=\"grid-template-columns:auto 40%\"><div class=\"wp-block-media-text__content\">\n<h2 class=\"wp-block-heading\"><strong>Chambres Contemporaine &#8211; Tr\u00e8s grand lit (CH. 601 &amp; 701)<\/strong><\/h2>\n\n\n\n<p><strong>Salle de bain<\/strong><br> \u2022 Largeur de la douche : 61\u2019\u2019 (155 cm)<br> \u2022 Distance entre le coin du mur et la porte ouverte : 36\u2019\u2019 (91,4 cm)<br> \u2022 Douche sans seuil avec pomme ajustable en hauteur<br> \u2022 Banc fix\u00e9 au mur<br> \u2022 Porte de douche remplac\u00e9e par un rideau<\/p>\n\n\n\n<p><strong>NOTE :&nbsp;Les chambres 201, 301, 401,501 disposent d\u2019un bain douche en alc\u00f4ve.&nbsp;Sur demande, un banc de transfert peut \u00eatre livr\u00e9 \u00e0 la chambre.&nbsp;<\/strong>&nbsp;<\/p>\n\n\n\n<p><strong>Banc-bain&nbsp;<\/strong><\/p>\n\n\n\n<ul class=\"wp-block-list\">\n<li>Longueur : 27\u2019\u20191\/2 (70 cm)&nbsp;<\/li>\n\n\n\n<li>Largeur : 16\u2019\u20191\/2 (42 cm) ou 29\u2019\u20191\/2 (75 cm) en incluant l\u2019accoudoir&nbsp;<\/li>\n\n\n\n<li>Hauteur ajustable : minimum 18\u2019\u20191\/2 (47 cm); maximum 23\u2019\u20191\/2 (59.5 cm)&nbsp;<\/li>\n<\/ul>\n<\/div><figure class=\"wp-block-media-text__media\"><img loading=\"lazy\" decoding=\"async\" width=\"4284\" height=\"5712\" src=\"https:\/\/hotelchateaulaurier.com\/wp-content\/uploads\/2025\/08\/image-4-rotated.jpg\" alt=\"\" class=\"wp-image-12756 size-full\" srcset=\"https:\/\/hotelchateaulaurier.com\/wp-content\/uploads\/2025\/08\/image-4-rotated.jpg 4284w, https:\/\/hotelchateaulaurier.com\/wp-content\/uploads\/2025\/08\/image-4-225x300.jpg 225w, https:\/\/hotelchateaulaurier.com\/wp-content\/uploads\/2025\/08\/image-4-768x1024.jpg 768w, https:\/\/hotelchateaulaurier.com\/wp-content\/uploads\/2025\/08\/image-4-1152x1536.jpg 1152w, https:\/\/hotelchateaulaurier.com\/wp-content\/uploads\/2025\/08\/image-4-2000x2667.jpg 2000w\" sizes=\"auto, (max-width: 4284px) 100vw, 4284px\" \/><\/figure><\/div>\n\n\n\n<div style=\"height:100px\" aria-hidden=\"true\" class=\"wp-block-spacer\"><\/div>\n\n\n\n<div class=\"wp-block-media-text is-stacked-on-mobile is-vertically-aligned-center\" style=\"grid-template-columns:46% auto\"><figure class=\"wp-block-media-text__media\"><img loading=\"lazy\" decoding=\"async\" width=\"4284\" height=\"5712\" src=\"https:\/\/hotelchateaulaurier.com\/wp-content\/uploads\/2025\/08\/image-5.jpg\" alt=\"\" class=\"wp-image-12771 size-full\" srcset=\"https:\/\/hotelchateaulaurier.com\/wp-content\/uploads\/2025\/08\/image-5.jpg 4284w, https:\/\/hotelchateaulaurier.com\/wp-content\/uploads\/2025\/08\/image-5-225x300.jpg 225w, https:\/\/hotelchateaulaurier.com\/wp-content\/uploads\/2025\/08\/image-5-768x1024.jpg 768w, https:\/\/hotelchateaulaurier.com\/wp-content\/uploads\/2025\/08\/image-5-1152x1536.jpg 1152w, https:\/\/hotelchateaulaurier.com\/wp-content\/uploads\/2025\/08\/image-5-2000x2667.jpg 2000w\" sizes=\"auto, (max-width: 4284px) 100vw, 4284px\" \/><\/figure><div class=\"wp-block-media-text__content\">\n<h2 class=\"wp-block-heading\"><strong>Portes \u00e0 ouverture assist\u00e9e<\/strong><\/h2>\n\n\n\n<p>\u2022 Syst\u00e8me automatique d&#8217;ouverture avec carte de chambre pour les chambres 201, 301, 401, 501, 601, 701, 269, 369.<br> \u2022 Bouton poussoir \u00e0 l&#8217;int\u00e9rieur<\/p>\n<\/div><\/div>\n\n\n\n<div class=\"wp-block-media-text has-media-on-the-right is-stacked-on-mobile is-vertically-aligned-center has-beige-200-background-color has-background\" style=\"grid-template-columns:auto 33%\"><div class=\"wp-block-media-text__content\">\n<h2 class=\"wp-block-heading\"><strong>Portes communicantes<\/strong><\/h2>\n\n\n\n<p>Certaines de nos chambres sont communicantes : <br>\u2022 201 \u2194 203<br>\u2022 301 \u2194 303<br>\u2022 401 \u2194 403<br>\u2022 501 \u2194 503<\/p>\n\n\n\n<p>Les chambres en \u201c03\u201d disposent de <strong>2 grands lits (queen)<\/strong>.<\/p>\n<\/div><figure class=\"wp-block-media-text__media\"><img loading=\"lazy\" decoding=\"async\" width=\"4284\" height=\"5712\" src=\"https:\/\/hotelchateaulaurier.com\/wp-content\/uploads\/2025\/08\/image-6-rotated.jpg\" alt=\"\" class=\"wp-image-12777 size-full\" srcset=\"https:\/\/hotelchateaulaurier.com\/wp-content\/uploads\/2025\/08\/image-6-rotated.jpg 4284w, https:\/\/hotelchateaulaurier.com\/wp-content\/uploads\/2025\/08\/image-6-225x300.jpg 225w, https:\/\/hotelchateaulaurier.com\/wp-content\/uploads\/2025\/08\/image-6-768x1024.jpg 768w, https:\/\/hotelchateaulaurier.com\/wp-content\/uploads\/2025\/08\/image-6-1152x1536.jpg 1152w, https:\/\/hotelchateaulaurier.com\/wp-content\/uploads\/2025\/08\/image-6-2000x2667.jpg 2000w\" sizes=\"auto, (max-width: 4284px) 100vw, 4284px\" \/><\/figure><\/div>\n\n\n\n<div class=\"wp-block-media-text has-media-on-the-right is-stacked-on-mobile\"><div class=\"wp-block-media-text__content\">\n<h2 class=\"wp-block-heading\">Pr\u00eat d&#8217;un l\u00e8ve-personne<\/h2>\n\n\n\n<p>\u2022 Livraison possible \u00e0 l\u2019h\u00f4tel (service fourni par une entreprise partenaire)<br> \u2022 L\u2019appareil peut \u00eatre monter \u00e0 la chambre pour toute la dur\u00e9e du s\u00e9jour<br> \u2022 Son entreposage est gratuit du jour d\u2019arriv\u00e9e au jour de d\u00e9part (des frais peuvent \u00eatre appliqu\u00e9s pour un entreposage hors s\u00e9jour)<\/p>\n<\/div><figure class=\"wp-block-media-text__media\"><\/figure><\/div>\n\n\n\n<div class=\"wp-block-columns are-vertically-aligned-center is-layout-flex wp-container-core-columns-is-layout-9d6595d7 wp-block-columns-is-layout-flex\">\n<div class=\"wp-block-column is-layout-flow wp-block-column-is-layout-flow\" style=\"flex-basis:50%\"><\/div>\n\n\n\n<div class=\"wp-block-column is-layout-flow wp-block-column-is-layout-flow\" style=\"flex-basis:50%\"><\/div>\n<\/div>\n\n\n\n<h2 class=\"wp-block-heading\"><strong>Acc\u00e8s ascenseur &#8211; Section A<\/strong><\/h2>\n\n\n\n<p>L&#8217;ascenceur A dispose d&#8217;une largeur de porte de 41 pouces (104 cm).<\/p>\n\n\n\n<figure class=\"wp-block-gallery has-nested-images columns-default is-cropped wp-block-gallery-2 is-layout-flex wp-block-gallery-is-layout-flex\">\n<figure class=\"wp-block-image size-large\"><img loading=\"lazy\" decoding=\"async\" width=\"1536\" height=\"2048\" data-id=\"12794\" src=\"https:\/\/hotelchateaulaurier.com\/wp-content\/uploads\/2025\/09\/41-193-cm.png\" alt=\"\" class=\"wp-image-12794\" srcset=\"https:\/\/hotelchateaulaurier.com\/wp-content\/uploads\/2025\/09\/41-193-cm.png 1536w, https:\/\/hotelchateaulaurier.com\/wp-content\/uploads\/2025\/09\/41-193-cm-225x300.png 225w, https:\/\/hotelchateaulaurier.com\/wp-content\/uploads\/2025\/09\/41-193-cm-768x1024.png 768w, https:\/\/hotelchateaulaurier.com\/wp-content\/uploads\/2025\/09\/41-193-cm-1152x1536.png 1152w\" sizes=\"auto, (max-width: 1536px) 100vw, 1536px\" \/><\/figure>\n\n\n\n<figure class=\"wp-block-image size-large\"><img loading=\"lazy\" decoding=\"async\" width=\"1536\" height=\"2048\" data-id=\"12784\" src=\"https:\/\/hotelchateaulaurier.com\/wp-content\/uploads\/2025\/08\/ajouter-un-sous-titre.png\" alt=\"\" class=\"wp-image-12784\" srcset=\"https:\/\/hotelchateaulaurier.com\/wp-content\/uploads\/2025\/08\/ajouter-un-sous-titre.png 1536w, https:\/\/hotelchateaulaurier.com\/wp-content\/uploads\/2025\/08\/ajouter-un-sous-titre-225x300.png 225w, https:\/\/hotelchateaulaurier.com\/wp-content\/uploads\/2025\/08\/ajouter-un-sous-titre-768x1024.png 768w, https:\/\/hotelchateaulaurier.com\/wp-content\/uploads\/2025\/08\/ajouter-un-sous-titre-1152x1536.png 1152w\" sizes=\"auto, (max-width: 1536px) 100vw, 1536px\" \/><\/figure>\n<\/figure>\n\n\n\n<p>For more information or to make a reservation for one of these rooms: <strong>1-877-522-8108 \/ 418-522-8108<\/strong><\/p>\n","protected":false},"excerpt":{"rendered":"<p>We are committed to offering each of our guests a comfortable, safe, and enjoyable stay. That&#8217;s why our hotel has rooms specially designed to accommodate people with reduced mobility.These spaces combine practicality and elegance, with adapted amenities that facilitate movement and ensure maximum independence. For more information or to make a reservation for one of [&hellip;]<\/p>\n","protected":false},"author":11,"featured_media":11342,"parent":0,"menu_order":0,"comment_status":"closed","ping_status":"closed","template":"","meta":{"_acf_changed":false,"footnotes":""},"class_list":["post-12803","page","type-page","status-publish","has-post-thumbnail","hentry"],"acf":[],"yoast_head":"<!-- This site is optimized with the Yoast SEO plugin v27.1.1 - https:\/\/yoast.com\/product\/yoast-seo-wordpress\/ -->\n<title>Accessible Guest Rooms - H\u00f4tel Ch\u00e2teau Laurier Qu\u00e9bec<\/title>\n<meta name=\"robots\" content=\"index, follow, max-snippet:-1, max-image-preview:large, max-video-preview:-1\" \/>\n<link rel=\"canonical\" href=\"https:\/\/hotelchateaulaurier.com\/en\/accessible-guest-rooms\/\" \/>\n<meta property=\"og:locale\" content=\"en_US\" \/>\n<meta property=\"og:type\" content=\"article\" \/>\n<meta property=\"og:title\" content=\"Accessible Guest Rooms - H\u00f4tel Ch\u00e2teau Laurier Qu\u00e9bec\" \/>\n<meta property=\"og:description\" content=\"We are committed to offering each of our guests a comfortable, safe, and enjoyable stay. That&#8217;s why our hotel has rooms specially designed to accommodate people with reduced mobility.These spaces combine practicality and elegance, with adapted amenities that facilitate movement and ensure maximum independence. For more information or to make a reservation for one of [&hellip;]\" \/>\n<meta property=\"og:url\" content=\"https:\/\/hotelchateaulaurier.com\/en\/accessible-guest-rooms\/\" \/>\n<meta property=\"og:site_name\" content=\"H\u00f4tel Ch\u00e2teau Laurier Qu\u00e9bec\" \/>\n<meta property=\"article:modified_time\" content=\"2025-09-10T11:35:23+00:00\" \/>\n<meta property=\"og:image\" content=\"https:\/\/hotelchateaulaurier.com\/wp-content\/uploads\/2024\/10\/carriere.jpg\" \/>\n\t<meta property=\"og:image:width\" content=\"2800\" \/>\n\t<meta property=\"og:image:height\" content=\"1116\" \/>\n\t<meta property=\"og:image:type\" content=\"image\/jpeg\" \/>\n<meta name=\"twitter:card\" content=\"summary_large_image\" \/>\n<meta name=\"twitter:label1\" content=\"Est. reading time\" \/>\n\t<meta name=\"twitter:data1\" content=\"4 minutes\" \/>\n<!-- \/ Yoast SEO plugin. -->","yoast_head_json":{"title":"Accessible Guest Rooms - H\u00f4tel Ch\u00e2teau Laurier Qu\u00e9bec","robots":{"index":"index","follow":"follow","max-snippet":"max-snippet:-1","max-image-preview":"max-image-preview:large","max-video-preview":"max-video-preview:-1"},"canonical":"https:\/\/hotelchateaulaurier.com\/en\/accessible-guest-rooms\/","og_locale":"en_US","og_type":"article","og_title":"Accessible Guest Rooms - H\u00f4tel Ch\u00e2teau Laurier Qu\u00e9bec","og_description":"We are committed to offering each of our guests a comfortable, safe, and enjoyable stay. That&#8217;s why our hotel has rooms specially designed to accommodate people with reduced mobility.These spaces combine practicality and elegance, with adapted amenities that facilitate movement and ensure maximum independence. For more information or to make a reservation for one of [&hellip;]","og_url":"https:\/\/hotelchateaulaurier.com\/en\/accessible-guest-rooms\/","og_site_name":"H\u00f4tel Ch\u00e2teau Laurier Qu\u00e9bec","article_modified_time":"2025-09-10T11:35:23+00:00","og_image":[{"width":2800,"height":1116,"url":"https:\/\/hotelchateaulaurier.com\/wp-content\/uploads\/2024\/10\/carriere.jpg","type":"image\/jpeg"}],"twitter_card":"summary_large_image","twitter_misc":{"Est. reading time":"4 minutes"},"schema":{"@context":"https:\/\/schema.org","@graph":[{"@type":"WebPage","@id":"https:\/\/hotelchateaulaurier.com\/en\/accessible-guest-rooms\/","url":"https:\/\/hotelchateaulaurier.com\/en\/accessible-guest-rooms\/","name":"Accessible Guest Rooms - H\u00f4tel Ch\u00e2teau Laurier Qu\u00e9bec","isPartOf":{"@id":"https:\/\/hotelchateaulaurier.com\/en\/#website"},"primaryImageOfPage":{"@id":"https:\/\/hotelchateaulaurier.com\/en\/accessible-guest-rooms\/#primaryimage"},"image":{"@id":"https:\/\/hotelchateaulaurier.com\/en\/accessible-guest-rooms\/#primaryimage"},"thumbnailUrl":"https:\/\/hotelchateaulaurier.com\/wp-content\/uploads\/2024\/10\/carriere.jpg","datePublished":"2025-09-10T11:28:33+00:00","dateModified":"2025-09-10T11:35:23+00:00","breadcrumb":{"@id":"https:\/\/hotelchateaulaurier.com\/en\/accessible-guest-rooms\/#breadcrumb"},"inLanguage":"en-US","potentialAction":[{"@type":"ReadAction","target":["https:\/\/hotelchateaulaurier.com\/en\/accessible-guest-rooms\/"]}]},{"@type":"ImageObject","inLanguage":"en-US","@id":"https:\/\/hotelchateaulaurier.com\/en\/accessible-guest-rooms\/#primaryimage","url":"https:\/\/hotelchateaulaurier.com\/wp-content\/uploads\/2024\/10\/carriere.jpg","contentUrl":"https:\/\/hotelchateaulaurier.com\/wp-content\/uploads\/2024\/10\/carriere.jpg","width":2800,"height":1116},{"@type":"BreadcrumbList","@id":"https:\/\/hotelchateaulaurier.com\/en\/accessible-guest-rooms\/#breadcrumb","itemListElement":[{"@type":"ListItem","position":1,"name":"Accueil","item":"https:\/\/hotelchateaulaurier.com\/en\/"},{"@type":"ListItem","position":2,"name":"Accessible Guest Rooms"}]},{"@type":"WebSite","@id":"https:\/\/hotelchateaulaurier.com\/en\/#website","url":"https:\/\/hotelchateaulaurier.com\/en\/","name":"H\u00f4tel Ch\u00e2teau Laurier Qu\u00e9bec","description":"","potentialAction":[{"@type":"SearchAction","target":{"@type":"EntryPoint","urlTemplate":"https:\/\/hotelchateaulaurier.com\/en\/?s={search_term_string}"},"query-input":{"@type":"PropertyValueSpecification","valueRequired":true,"valueName":"search_term_string"}}],"inLanguage":"en-US"}]}},"_links":{"self":[{"href":"https:\/\/hotelchateaulaurier.com\/en\/wp-json\/wp\/v2\/pages\/12803","targetHints":{"allow":["GET"]}}],"collection":[{"href":"https:\/\/hotelchateaulaurier.com\/en\/wp-json\/wp\/v2\/pages"}],"about":[{"href":"https:\/\/hotelchateaulaurier.com\/en\/wp-json\/wp\/v2\/types\/page"}],"author":[{"embeddable":true,"href":"https:\/\/hotelchateaulaurier.com\/en\/wp-json\/wp\/v2\/users\/11"}],"replies":[{"embeddable":true,"href":"https:\/\/hotelchateaulaurier.com\/en\/wp-json\/wp\/v2\/comments?post=12803"}],"version-history":[{"count":1,"href":"https:\/\/hotelchateaulaurier.com\/en\/wp-json\/wp\/v2\/pages\/12803\/revisions"}],"predecessor-version":[{"id":12811,"href":"https:\/\/hotelchateaulaurier.com\/en\/wp-json\/wp\/v2\/pages\/12803\/revisions\/12811"}],"wp:featuredmedia":[{"embeddable":true,"href":"https:\/\/hotelchateaulaurier.com\/en\/wp-json\/wp\/v2\/media\/11342"}],"wp:attachment":[{"href":"https:\/\/hotelchateaulaurier.com\/en\/wp-json\/wp\/v2\/media?parent=12803"}],"curies":[{"name":"wp","href":"https:\/\/api.w.org\/{rel}","templated":true}]}}