{"id":12788,"date":"2025-09-03T09:23:32","date_gmt":"2025-09-03T09:23:32","guid":{"rendered":"https:\/\/hotelchateaulaurier.com\/?page_id=12788"},"modified":"2025-09-03T09:46:00","modified_gmt":"2025-09-03T09:46:00","slug":"eco-franco-responsability","status":"publish","type":"page","link":"https:\/\/hotelchateaulaurier.com\/en\/eco-franco-responsability\/","title":{"rendered":"Eco Franco Responsability"},"content":{"rendered":"\n<p>Based on the vision of Alain Girard, former president and owner of Cogir\u00e8s, our approach is founded on the belief that culture is the foundation upon which the economy, social responsibility, and environmental protection are built.<\/p>\n\n\n\n<p>Driven by a deep attachment to the French-speaking world, Alain Girard created the Francoresponsable and \u00c9co Franco Responsable brands in 2009 to promote the French language and integrate it into sustainable practices.<\/p>\n\n\n\n<p>Today, we continue this mission through a positioning where culture and sustainable development come together to shape a future that is both respectful and inspiring.<\/p>\n\n\n\n<p><\/p>\n\n\n\n<div class=\"wp-block-media-text alignwide has-beige-200-background-color has-background\" style=\"grid-template-columns:24% auto\"><figure class=\"wp-block-media-text__media\"><img loading=\"lazy\" decoding=\"async\" width=\"4501\" height=\"936\" src=\"https:\/\/hotelchateaulaurier.com\/wp-content\/uploads\/2025\/08\/eco_fronco_responsable_logo_rvb_blanc.png\" alt=\"\" class=\"wp-image-12681 size-full\" srcset=\"https:\/\/hotelchateaulaurier.com\/wp-content\/uploads\/2025\/08\/eco_fronco_responsable_logo_rvb_blanc.png 4501w, https:\/\/hotelchateaulaurier.com\/wp-content\/uploads\/2025\/08\/eco_fronco_responsable_logo_rvb_blanc-300x62.png 300w, https:\/\/hotelchateaulaurier.com\/wp-content\/uploads\/2025\/08\/eco_fronco_responsable_logo_rvb_blanc-768x160.png 768w, https:\/\/hotelchateaulaurier.com\/wp-content\/uploads\/2025\/08\/eco_fronco_responsable_logo_rvb_blanc-1536x319.png 1536w, https:\/\/hotelchateaulaurier.com\/wp-content\/uploads\/2025\/08\/eco_fronco_responsable_logo_rvb_blanc-2000x416.png 2000w\" sizes=\"auto, (max-width: 4501px) 100vw, 4501px\" \/><\/figure><div class=\"wp-block-media-text__content\">\n<p class=\"has-white-color has-text-color has-link-color wp-elements-b0fed15c3e9abad76e6f16a84a2a3d9a\"><br>Eco Franco Responsability: Our commitment to welcome you, keeping sustainable development, the French language and Francophone culture, in all their forms, at heart and in mind.<\/p>\n\n\n\n<p class=\"has-white-color has-text-color has-link-color wp-elements-4eedb4732d240d7040ac9365a5e6f213\"><\/p>\n<\/div><\/div>\n\n\n\n<p>To implement Eco Franco Responsibility, we adopt the principle of acting \u201c<strong>as much as possible<\/strong>\u201d aiming to exploit all relevant opportunities in terms of frequency (as often as possible), manner (in as many ways as possible), and location (in as many places as possible).<\/p>\n\n\n\n<p><\/p>\n\n\n\n<h2 class=\"wp-block-heading\">Actions we&#8217;re taking<\/h2>\n\n\n\n<figure class=\"wp-block-gallery has-nested-images columns-4 is-cropped wp-block-gallery-1 is-layout-flex wp-block-gallery-is-layout-flex\">\n<figure class=\"wp-block-image size-full\"><img loading=\"lazy\" decoding=\"async\" width=\"2458\" height=\"1639\" data-id=\"12701\" src=\"https:\/\/hotelchateaulaurier.com\/wp-content\/uploads\/2025\/08\/chateau_laurier_imedia_20221118-054-2.png\" alt=\"\" class=\"wp-image-12701\" srcset=\"https:\/\/hotelchateaulaurier.com\/wp-content\/uploads\/2025\/08\/chateau_laurier_imedia_20221118-054-2.png 2458w, https:\/\/hotelchateaulaurier.com\/wp-content\/uploads\/2025\/08\/chateau_laurier_imedia_20221118-054-2-300x200.png 300w, https:\/\/hotelchateaulaurier.com\/wp-content\/uploads\/2025\/08\/chateau_laurier_imedia_20221118-054-2-768x512.png 768w, https:\/\/hotelchateaulaurier.com\/wp-content\/uploads\/2025\/08\/chateau_laurier_imedia_20221118-054-2-1536x1024.png 1536w\" sizes=\"auto, (max-width: 2458px) 100vw, 2458px\" \/><figcaption class=\"wp-element-caption\">The hotel&#8217;s corridors and common areas feature a selection of works by local artists.<\/figcaption><\/figure>\n\n\n\n<figure class=\"wp-block-image size-full is-style-default\"><img loading=\"lazy\" decoding=\"async\" width=\"991\" height=\"660\" data-id=\"12728\" src=\"https:\/\/hotelchateaulaurier.com\/wp-content\/uploads\/2025\/08\/b68f535f-7989-43c6-9e40-9e094779e7ee-1.jpg\" alt=\"\" class=\"wp-image-12728\" srcset=\"https:\/\/hotelchateaulaurier.com\/wp-content\/uploads\/2025\/08\/b68f535f-7989-43c6-9e40-9e094779e7ee-1.jpg 991w, https:\/\/hotelchateaulaurier.com\/wp-content\/uploads\/2025\/08\/b68f535f-7989-43c6-9e40-9e094779e7ee-1-300x200.jpg 300w, https:\/\/hotelchateaulaurier.com\/wp-content\/uploads\/2025\/08\/b68f535f-7989-43c6-9e40-9e094779e7ee-1-768x511.jpg 768w\" sizes=\"auto, (max-width: 991px) 100vw, 991px\" \/><figcaption class=\"wp-element-caption\">We provide Oneka courtesy products, made from natural ingredients in Canada.<\/figcaption><\/figure>\n\n\n\n<figure class=\"wp-block-image size-full\"><img loading=\"lazy\" decoding=\"async\" width=\"4773\" height=\"7156\" data-id=\"12715\" src=\"https:\/\/hotelchateaulaurier.com\/wp-content\/uploads\/2025\/08\/hclq5827_vf1.jpg\" alt=\"\" class=\"wp-image-12715\" srcset=\"https:\/\/hotelchateaulaurier.com\/wp-content\/uploads\/2025\/08\/hclq5827_vf1.jpg 4773w, https:\/\/hotelchateaulaurier.com\/wp-content\/uploads\/2025\/08\/hclq5827_vf1-200x300.jpg 200w, https:\/\/hotelchateaulaurier.com\/wp-content\/uploads\/2025\/08\/hclq5827_vf1-768x1151.jpg 768w, https:\/\/hotelchateaulaurier.com\/wp-content\/uploads\/2025\/08\/hclq5827_vf1-1025x1536.jpg 1025w, https:\/\/hotelchateaulaurier.com\/wp-content\/uploads\/2025\/08\/hclq5827_vf1-2000x2999.jpg 2000w\" sizes=\"auto, (max-width: 4773px) 100vw, 4773px\" \/><figcaption class=\"wp-element-caption\">Our 4 self-service stations offering free, filtered, fresh water to fill your reusable bottle<\/figcaption><\/figure>\n\n\n\n<figure class=\"wp-block-image size-full is-style-default\"><img loading=\"lazy\" decoding=\"async\" width=\"3024\" height=\"4032\" data-id=\"12709\" src=\"https:\/\/hotelchateaulaurier.com\/wp-content\/uploads\/2025\/08\/b68ad71fd5efefd6be688c3a84603bc7_img-0031.jpeg\" alt=\"\" class=\"wp-image-12709\" srcset=\"https:\/\/hotelchateaulaurier.com\/wp-content\/uploads\/2025\/08\/b68ad71fd5efefd6be688c3a84603bc7_img-0031.jpeg 3024w, https:\/\/hotelchateaulaurier.com\/wp-content\/uploads\/2025\/08\/b68ad71fd5efefd6be688c3a84603bc7_img-0031-225x300.jpeg 225w, https:\/\/hotelchateaulaurier.com\/wp-content\/uploads\/2025\/08\/b68ad71fd5efefd6be688c3a84603bc7_img-0031-768x1024.jpeg 768w, https:\/\/hotelchateaulaurier.com\/wp-content\/uploads\/2025\/08\/b68ad71fd5efefd6be688c3a84603bc7_img-0031-1152x1536.jpeg 1152w, https:\/\/hotelchateaulaurier.com\/wp-content\/uploads\/2025\/08\/b68ad71fd5efefd6be688c3a84603bc7_img-0031-2000x2667.jpeg 2000w\" sizes=\"auto, (max-width: 3024px) 100vw, 3024px\" \/><figcaption class=\"wp-element-caption\">An educational beehive is housed on the roof.<\/figcaption><\/figure>\n<\/figure>\n\n\n\n<figure class=\"wp-block-image size-full\"><img loading=\"lazy\" decoding=\"async\" width=\"2048\" height=\"1365\" src=\"https:\/\/hotelchateaulaurier.com\/wp-content\/uploads\/2025\/08\/courinterieure3.jpg\" alt=\"\" class=\"wp-image-12741\" srcset=\"https:\/\/hotelchateaulaurier.com\/wp-content\/uploads\/2025\/08\/courinterieure3.jpg 2048w, https:\/\/hotelchateaulaurier.com\/wp-content\/uploads\/2025\/08\/courinterieure3-300x200.jpg 300w, https:\/\/hotelchateaulaurier.com\/wp-content\/uploads\/2025\/08\/courinterieure3-768x512.jpg 768w, https:\/\/hotelchateaulaurier.com\/wp-content\/uploads\/2025\/08\/courinterieure3-1536x1024.jpg 1536w, https:\/\/hotelchateaulaurier.com\/wp-content\/uploads\/2025\/08\/courinterieure3-2000x1333.jpg 2000w\" sizes=\"auto, (max-width: 2048px) 100vw, 2048px\" \/><\/figure>\n\n\n\n<div class=\"wp-block-media-text\" style=\"grid-template-columns:18% auto\"><figure class=\"wp-block-media-text__media\"><img loading=\"lazy\" decoding=\"async\" width=\"720\" height=\"720\" src=\"https:\/\/hotelchateaulaurier.com\/wp-content\/uploads\/2025\/08\/c4448157ca923f7c87c5c7674cf78710.png\" alt=\"\" class=\"wp-image-12738 size-full\" srcset=\"https:\/\/hotelchateaulaurier.com\/wp-content\/uploads\/2025\/08\/c4448157ca923f7c87c5c7674cf78710.png 720w, https:\/\/hotelchateaulaurier.com\/wp-content\/uploads\/2025\/08\/c4448157ca923f7c87c5c7674cf78710-300x300.png 300w, https:\/\/hotelchateaulaurier.com\/wp-content\/uploads\/2025\/08\/c4448157ca923f7c87c5c7674cf78710-150x150.png 150w\" sizes=\"auto, (max-width: 720px) 100vw, 720px\" \/><\/figure><div class=\"wp-block-media-text__content\">\n<p>These achievements, along with many other initiatives, have enabled us to obtain Biosphere certification. This international label, awarded by the <strong>Responsible Tourism Institute<\/strong> and aligned with <strong>the United Nations&#8217; 17 Sustainable Development Goals<\/strong>, recognizes organizations that are committed to sustainable development in a concrete, measurable, and ongoing manner.<br>It recognizes our initiatives in <strong>environmental protection<\/strong>, <strong>social responsibility<\/strong>, and <strong>cultural promotion<\/strong>, while ensuring the transparency and credibility of our results.<\/p>\n\n\n\n<p><\/p>\n<\/div><\/div>\n\n\n\n<p>For more information, please read our complete <a href=\"https:\/\/hotelchateaulaurier.com\/wp-content\/uploads\/2024\/11\/7067_hclq_hclq_politiques_eco_franco_responsable_8-5x11_oct2024-1.pdf\">Eco Franco Responsibility policy<\/a> (in French)<\/p>\n\n\n\n<p><\/p>\n","protected":false},"excerpt":{"rendered":"<p>Based on the vision of Alain Girard, former president and owner of Cogir\u00e8s, our approach is founded on the belief that culture is the foundation upon which the economy, social responsibility, and environmental protection are built. Driven by a deep attachment to the French-speaking world, Alain Girard created the Francoresponsable and \u00c9co Franco Responsable brands [&hellip;]<\/p>\n","protected":false},"author":11,"featured_media":11344,"parent":0,"menu_order":0,"comment_status":"closed","ping_status":"closed","template":"","meta":{"_acf_changed":false,"footnotes":""},"class_list":["post-12788","page","type-page","status-publish","has-post-thumbnail","hentry"],"acf":[],"yoast_head":"<!-- This site is optimized with the Yoast SEO plugin v27.4 - https:\/\/yoast.com\/product\/yoast-seo-wordpress\/ -->\n<title>Eco Franco Responsability - H\u00f4tel Ch\u00e2teau Laurier Qu\u00e9bec<\/title>\n<meta name=\"robots\" content=\"index, follow, max-snippet:-1, max-image-preview:large, max-video-preview:-1\" \/>\n<link rel=\"canonical\" href=\"https:\/\/hotelchateaulaurier.com\/en\/eco-franco-responsability\/\" \/>\n<meta property=\"og:locale\" content=\"en_US\" \/>\n<meta property=\"og:type\" content=\"article\" \/>\n<meta property=\"og:title\" content=\"Eco Franco Responsability - H\u00f4tel Ch\u00e2teau Laurier Qu\u00e9bec\" \/>\n<meta property=\"og:description\" content=\"Based on the vision of Alain Girard, former president and owner of Cogir\u00e8s, our approach is founded on the belief that culture is the foundation upon which the economy, social responsibility, and environmental protection are built. Driven by a deep attachment to the French-speaking world, Alain Girard created the Francoresponsable and \u00c9co Franco Responsable brands [&hellip;]\" \/>\n<meta property=\"og:url\" content=\"https:\/\/hotelchateaulaurier.com\/en\/eco-franco-responsability\/\" \/>\n<meta property=\"og:site_name\" content=\"H\u00f4tel Ch\u00e2teau Laurier Qu\u00e9bec\" \/>\n<meta property=\"article:modified_time\" content=\"2025-09-03T09:46:00+00:00\" \/>\n<meta property=\"og:image\" content=\"https:\/\/hotelchateaulaurier.com\/wp-content\/uploads\/2024\/10\/hotel_chateau_laurier.jpg\" \/>\n\t<meta property=\"og:image:width\" content=\"2704\" \/>\n\t<meta property=\"og:image:height\" content=\"1280\" \/>\n\t<meta property=\"og:image:type\" content=\"image\/jpeg\" \/>\n<meta name=\"twitter:card\" content=\"summary_large_image\" \/>\n<meta name=\"twitter:label1\" content=\"Est. reading time\" \/>\n\t<meta name=\"twitter:data1\" content=\"4 minutes\" \/>\n<!-- \/ Yoast SEO plugin. -->","yoast_head_json":{"title":"Eco Franco Responsability - H\u00f4tel Ch\u00e2teau Laurier Qu\u00e9bec","robots":{"index":"index","follow":"follow","max-snippet":"max-snippet:-1","max-image-preview":"max-image-preview:large","max-video-preview":"max-video-preview:-1"},"canonical":"https:\/\/hotelchateaulaurier.com\/en\/eco-franco-responsability\/","og_locale":"en_US","og_type":"article","og_title":"Eco Franco Responsability - H\u00f4tel Ch\u00e2teau Laurier Qu\u00e9bec","og_description":"Based on the vision of Alain Girard, former president and owner of Cogir\u00e8s, our approach is founded on the belief that culture is the foundation upon which the economy, social responsibility, and environmental protection are built. Driven by a deep attachment to the French-speaking world, Alain Girard created the Francoresponsable and \u00c9co Franco Responsable brands [&hellip;]","og_url":"https:\/\/hotelchateaulaurier.com\/en\/eco-franco-responsability\/","og_site_name":"H\u00f4tel Ch\u00e2teau Laurier Qu\u00e9bec","article_modified_time":"2025-09-03T09:46:00+00:00","og_image":[{"width":2704,"height":1280,"url":"https:\/\/hotelchateaulaurier.com\/wp-content\/uploads\/2024\/10\/hotel_chateau_laurier.jpg","type":"image\/jpeg"}],"twitter_card":"summary_large_image","twitter_misc":{"Est. reading time":"4 minutes"},"schema":{"@context":"https:\/\/schema.org","@graph":[{"@type":"WebPage","@id":"https:\/\/hotelchateaulaurier.com\/en\/eco-franco-responsability\/","url":"https:\/\/hotelchateaulaurier.com\/en\/eco-franco-responsability\/","name":"Eco Franco Responsability - H\u00f4tel Ch\u00e2teau Laurier Qu\u00e9bec","isPartOf":{"@id":"https:\/\/hotelchateaulaurier.com\/en\/#website"},"primaryImageOfPage":{"@id":"https:\/\/hotelchateaulaurier.com\/en\/eco-franco-responsability\/#primaryimage"},"image":{"@id":"https:\/\/hotelchateaulaurier.com\/en\/eco-franco-responsability\/#primaryimage"},"thumbnailUrl":"https:\/\/hotelchateaulaurier.com\/wp-content\/uploads\/2024\/10\/hotel_chateau_laurier.jpg","datePublished":"2025-09-03T09:23:32+00:00","dateModified":"2025-09-03T09:46:00+00:00","breadcrumb":{"@id":"https:\/\/hotelchateaulaurier.com\/en\/eco-franco-responsability\/#breadcrumb"},"inLanguage":"en-US","potentialAction":[{"@type":"ReadAction","target":["https:\/\/hotelchateaulaurier.com\/en\/eco-franco-responsability\/"]}]},{"@type":"ImageObject","inLanguage":"en-US","@id":"https:\/\/hotelchateaulaurier.com\/en\/eco-franco-responsability\/#primaryimage","url":"https:\/\/hotelchateaulaurier.com\/wp-content\/uploads\/2024\/10\/hotel_chateau_laurier.jpg","contentUrl":"https:\/\/hotelchateaulaurier.com\/wp-content\/uploads\/2024\/10\/hotel_chateau_laurier.jpg","width":2704,"height":1280},{"@type":"BreadcrumbList","@id":"https:\/\/hotelchateaulaurier.com\/en\/eco-franco-responsability\/#breadcrumb","itemListElement":[{"@type":"ListItem","position":1,"name":"Accueil","item":"https:\/\/hotelchateaulaurier.com\/en\/"},{"@type":"ListItem","position":2,"name":"Eco Franco Responsability"}]},{"@type":"WebSite","@id":"https:\/\/hotelchateaulaurier.com\/en\/#website","url":"https:\/\/hotelchateaulaurier.com\/en\/","name":"H\u00f4tel Ch\u00e2teau Laurier Qu\u00e9bec","description":"","potentialAction":[{"@type":"SearchAction","target":{"@type":"EntryPoint","urlTemplate":"https:\/\/hotelchateaulaurier.com\/en\/?s={search_term_string}"},"query-input":{"@type":"PropertyValueSpecification","valueRequired":true,"valueName":"search_term_string"}}],"inLanguage":"en-US"}]}},"_links":{"self":[{"href":"https:\/\/hotelchateaulaurier.com\/en\/wp-json\/wp\/v2\/pages\/12788","targetHints":{"allow":["GET"]}}],"collection":[{"href":"https:\/\/hotelchateaulaurier.com\/en\/wp-json\/wp\/v2\/pages"}],"about":[{"href":"https:\/\/hotelchateaulaurier.com\/en\/wp-json\/wp\/v2\/types\/page"}],"author":[{"embeddable":true,"href":"https:\/\/hotelchateaulaurier.com\/en\/wp-json\/wp\/v2\/users\/11"}],"replies":[{"embeddable":true,"href":"https:\/\/hotelchateaulaurier.com\/en\/wp-json\/wp\/v2\/comments?post=12788"}],"version-history":[{"count":2,"href":"https:\/\/hotelchateaulaurier.com\/en\/wp-json\/wp\/v2\/pages\/12788\/revisions"}],"predecessor-version":[{"id":12792,"href":"https:\/\/hotelchateaulaurier.com\/en\/wp-json\/wp\/v2\/pages\/12788\/revisions\/12792"}],"wp:featuredmedia":[{"embeddable":true,"href":"https:\/\/hotelchateaulaurier.com\/en\/wp-json\/wp\/v2\/media\/11344"}],"wp:attachment":[{"href":"https:\/\/hotelchateaulaurier.com\/en\/wp-json\/wp\/v2\/media?parent=12788"}],"curies":[{"name":"wp","href":"https:\/\/api.w.org\/{rel}","templated":true}]}}