{"id":12641,"date":"2025-07-30T09:38:04","date_gmt":"2025-07-30T09:38:04","guid":{"rendered":"https:\/\/hotelchateaulaurier.com\/?page_id=12641"},"modified":"2025-07-30T09:57:05","modified_gmt":"2025-07-30T09:57:05","slug":"top-6-tourist-attractions-in-quebec-city-in-2025","status":"publish","type":"page","link":"https:\/\/hotelchateaulaurier.com\/en\/top-6-tourist-attractions-in-quebec-city-in-2025\/","title":{"rendered":"Top 6 Tourist Attractions in Quebec City in 2025"},"content":{"rendered":"\n<h2 class=\"wp-block-heading\">Discover the best tourist attractions in Quebec just minutes from the hotel.<\/h2>\n\n\n\n<div class=\"wp-block-media-text is-stacked-on-mobile is-vertically-aligned-center\"><figure class=\"wp-block-media-text__media\"><img loading=\"lazy\" decoding=\"async\" width=\"8192\" height=\"5464\" src=\"https:\/\/hotelchateaulaurier.com\/wp-content\/uploads\/2025\/07\/io_5564.jpg\" alt=\"\" class=\"wp-image-12585 size-full\" srcset=\"https:\/\/hotelchateaulaurier.com\/wp-content\/uploads\/2025\/07\/io_5564.jpg 8192w, https:\/\/hotelchateaulaurier.com\/wp-content\/uploads\/2025\/07\/io_5564-300x200.jpg 300w, https:\/\/hotelchateaulaurier.com\/wp-content\/uploads\/2025\/07\/io_5564-768x512.jpg 768w, https:\/\/hotelchateaulaurier.com\/wp-content\/uploads\/2025\/07\/io_5564-1536x1025.jpg 1536w, https:\/\/hotelchateaulaurier.com\/wp-content\/uploads\/2025\/07\/io_5564-2000x1334.jpg 2000w\" sizes=\"auto, (max-width: 8192px) 100vw, 8192px\" \/><\/figure><div class=\"wp-block-media-text__content\">\n<h2 class=\"wp-block-heading\"><strong>1. Wander through Old Qu\u00e9bec<\/strong><\/h2>\n\n\n\n<p>A UNESCO World Heritage Site, this European-style district is the historic heart of the city. Wander through its cobblestone streets, lively squares and unique architecture.<\/p>\n\n\n\n<p>\ud83d\uddfa\ufe0f <a href=\"https:\/\/maps.app.goo.gl\/iNRj5UmCcfi8eTgK7\">Walking directions (12 minutes)<\/a><br>\ud83d\udd17 <a href=\"https:\/\/www.quebec-cite.com\/fr\/vieux-quebec\">Learn more<\/a><\/p>\n<\/div><\/div>\n\n\n\n<div class=\"wp-block-media-text has-media-on-the-right is-stacked-on-mobile is-vertically-aligned-center\"><div class=\"wp-block-media-text__content\">\n<h2 class=\"wp-block-heading\"><strong>2. Admire Ch\u00e2teau Frontenac<\/strong><\/h2>\n\n\n\n<p>The ultimate symbol of Qu\u00e9bec, this majestic hotel towers over the St. Lawrence River. It can be explored on your own or with a guide. It was designated a National Historic Site of Canada in 1980.<\/p>\n\n\n\n<p><\/p>\n\n\n\n<p>\ud83d\uddfa\ufe0f <a href=\"https:\/\/maps.app.goo.gl\/hbqwcF34aH3nz1DN6\" target=\"_blank\" rel=\"noreferrer noopener\">Walking directions (13 minutes)<\/a><a href=\"https:\/\/maps.app.goo.gl\/hbqwcF34aH3nz1DN6\"><br><\/a>\ud83d\udd17 <a href=\"https:\/\/www.quebec-cite.com\/fr\/quoi-faire-quebec\/chateau-frontenac\" target=\"_blank\" rel=\"noreferrer noopener\">Learn more<\/a><\/p>\n<\/div><figure class=\"wp-block-media-text__media\"><img loading=\"lazy\" decoding=\"async\" width=\"6540\" height=\"4360\" src=\"https:\/\/hotelchateaulaurier.com\/wp-content\/uploads\/2025\/07\/beautiful-view-of-the-chateau-frontenac-surrounded-2025-02-11-21-12-00-utc.jpg\" alt=\"\" class=\"wp-image-12594 size-full\" srcset=\"https:\/\/hotelchateaulaurier.com\/wp-content\/uploads\/2025\/07\/beautiful-view-of-the-chateau-frontenac-surrounded-2025-02-11-21-12-00-utc.jpg 6540w, https:\/\/hotelchateaulaurier.com\/wp-content\/uploads\/2025\/07\/beautiful-view-of-the-chateau-frontenac-surrounded-2025-02-11-21-12-00-utc-300x200.jpg 300w, https:\/\/hotelchateaulaurier.com\/wp-content\/uploads\/2025\/07\/beautiful-view-of-the-chateau-frontenac-surrounded-2025-02-11-21-12-00-utc-768x512.jpg 768w, https:\/\/hotelchateaulaurier.com\/wp-content\/uploads\/2025\/07\/beautiful-view-of-the-chateau-frontenac-surrounded-2025-02-11-21-12-00-utc-1536x1024.jpg 1536w, https:\/\/hotelchateaulaurier.com\/wp-content\/uploads\/2025\/07\/beautiful-view-of-the-chateau-frontenac-surrounded-2025-02-11-21-12-00-utc-2000x1333.jpg 2000w\" sizes=\"auto, (max-width: 6540px) 100vw, 6540px\" \/><\/figure><\/div>\n\n\n\n<div class=\"wp-block-media-text is-stacked-on-mobile is-vertically-aligned-center\"><figure class=\"wp-block-media-text__media\"><img loading=\"lazy\" decoding=\"async\" width=\"5372\" height=\"5372\" src=\"https:\/\/hotelchateaulaurier.com\/wp-content\/uploads\/2025\/07\/montmorency-falls-waterfall-2025-02-11-23-56-07-utc.jpg\" alt=\"\" class=\"wp-image-12597 size-full\" srcset=\"https:\/\/hotelchateaulaurier.com\/wp-content\/uploads\/2025\/07\/montmorency-falls-waterfall-2025-02-11-23-56-07-utc.jpg 5372w, https:\/\/hotelchateaulaurier.com\/wp-content\/uploads\/2025\/07\/montmorency-falls-waterfall-2025-02-11-23-56-07-utc-300x300.jpg 300w, https:\/\/hotelchateaulaurier.com\/wp-content\/uploads\/2025\/07\/montmorency-falls-waterfall-2025-02-11-23-56-07-utc-150x150.jpg 150w, https:\/\/hotelchateaulaurier.com\/wp-content\/uploads\/2025\/07\/montmorency-falls-waterfall-2025-02-11-23-56-07-utc-768x768.jpg 768w, https:\/\/hotelchateaulaurier.com\/wp-content\/uploads\/2025\/07\/montmorency-falls-waterfall-2025-02-11-23-56-07-utc-1536x1536.jpg 1536w, https:\/\/hotelchateaulaurier.com\/wp-content\/uploads\/2025\/07\/montmorency-falls-waterfall-2025-02-11-23-56-07-utc-2000x2000.jpg 2000w\" sizes=\"auto, (max-width: 5372px) 100vw, 5372px\" \/><\/figure><div class=\"wp-block-media-text__content\">\n<h2 class=\"wp-block-heading\"><strong>3. Marvel at Montmorency Falls<\/strong><\/h2>\n\n\n\n<p>Even taller than Niagara Falls, Montmorency Falls impresses in every season. A cable car, a suspension bridge and a zipline await adventurers.<\/p>\n\n\n\n<p><\/p>\n\n\n\n<p>\ud83d\uddfa\ufe0f <a href=\"https:\/\/maps.app.goo.gl\/ZYjk5JaYcGgguyG19\" target=\"_blank\" rel=\"noreferrer noopener\">Drive there (14 minutes)<\/a><a href=\"https:\/\/maps.app.goo.gl\/hbqwcF34aH3nz1DN6\"><br><\/a>\ud83d\udd17 <a href=\"https:\/\/www.sepaq.com\/destinations\/parc-chute-montmorency\/index.dot\">Official site<\/a><\/p>\n<\/div><\/div>\n\n\n\n<div class=\"wp-block-media-text has-media-on-the-right is-stacked-on-mobile is-vertically-aligned-center\"><div class=\"wp-block-media-text__content\">\n<h2 class=\"wp-block-heading\"><strong>4. Stroll along Dufferin Terrace<br><\/strong><\/h2>\n\n\n\n<p>This iconic boardwalk overlooks the river and offers a stunning view. It also leads to the Citadel and the funicular.<\/p>\n\n\n\n<p><\/p>\n\n\n\n<p>\ud83d\uddfa\ufe0f <a href=\"https:\/\/maps.app.goo.gl\/Zk5RZGpBTJs4ZumN8\" target=\"_blank\" rel=\"noreferrer noopener\">Walking directions (15 minutes)<\/a><a href=\"https:\/\/maps.app.goo.gl\/hbqwcF34aH3nz1DN6\"><br><\/a>\ud83d\udd17 <a href=\"https:\/\/www.quebec-cite.com\/fr\/quoi-faire-quebec\/terrasse-dufferin\" target=\"_blank\" rel=\"noreferrer noopener\">Learn more<\/a><\/p>\n<\/div><figure class=\"wp-block-media-text__media\"><img loading=\"lazy\" decoding=\"async\" width=\"2000\" height=\"1283\" src=\"https:\/\/hotelchateaulaurier.com\/wp-content\/uploads\/2025\/07\/gl_27-juin-2014-033_cor-7c395fc45056a36_7c396323-5056-a36a-079fa4c48cfa2657.webp\" alt=\"\" class=\"wp-image-12602 size-full\" srcset=\"https:\/\/hotelchateaulaurier.com\/wp-content\/uploads\/2025\/07\/gl_27-juin-2014-033_cor-7c395fc45056a36_7c396323-5056-a36a-079fa4c48cfa2657.webp 2000w, https:\/\/hotelchateaulaurier.com\/wp-content\/uploads\/2025\/07\/gl_27-juin-2014-033_cor-7c395fc45056a36_7c396323-5056-a36a-079fa4c48cfa2657-300x192.webp 300w, https:\/\/hotelchateaulaurier.com\/wp-content\/uploads\/2025\/07\/gl_27-juin-2014-033_cor-7c395fc45056a36_7c396323-5056-a36a-079fa4c48cfa2657-768x493.webp 768w, https:\/\/hotelchateaulaurier.com\/wp-content\/uploads\/2025\/07\/gl_27-juin-2014-033_cor-7c395fc45056a36_7c396323-5056-a36a-079fa4c48cfa2657-1536x985.webp 1536w\" sizes=\"auto, (max-width: 2000px) 100vw, 2000px\" \/><\/figure><\/div>\n\n\n\n<div class=\"wp-block-media-text is-stacked-on-mobile\"><figure class=\"wp-block-media-text__media\"><img loading=\"lazy\" decoding=\"async\" width=\"8192\" height=\"5464\" src=\"https:\/\/hotelchateaulaurier.com\/wp-content\/uploads\/2025\/07\/plaines-abraham-ete-2.jpg\" alt=\"\" class=\"wp-image-12637 size-full\" srcset=\"https:\/\/hotelchateaulaurier.com\/wp-content\/uploads\/2025\/07\/plaines-abraham-ete-2.jpg 8192w, https:\/\/hotelchateaulaurier.com\/wp-content\/uploads\/2025\/07\/plaines-abraham-ete-2-300x200.jpg 300w, https:\/\/hotelchateaulaurier.com\/wp-content\/uploads\/2025\/07\/plaines-abraham-ete-2-768x512.jpg 768w, https:\/\/hotelchateaulaurier.com\/wp-content\/uploads\/2025\/07\/plaines-abraham-ete-2-1536x1025.jpg 1536w, https:\/\/hotelchateaulaurier.com\/wp-content\/uploads\/2025\/07\/plaines-abraham-ete-2-2000x1334.jpg 2000w\" sizes=\"auto, (max-width: 8192px) 100vw, 8192px\" \/><\/figure><div class=\"wp-block-media-text__content\">\n<h2 class=\"wp-block-heading\"><strong>5. Explore the Plains of Abraham<\/strong><\/h2>\n\n\n\n<p>This large urban park was the site of the 1759 battle between the French and British. Today, it&#8217;s a popular spot for walking, sports and events. A museum and exhibits also recount its military past.<\/p>\n\n\n\n<p>\ud83d\uddfa\ufe0f <a href=\"https:\/\/maps.app.goo.gl\/A5XBgoZVxLivttaZ7\">Walking directions (3 minutes)<\/a><a href=\"https:\/\/maps.app.goo.gl\/hbqwcF34aH3nz1DN6\"><br><\/a>\ud83d\udd17 <a href=\"https:\/\/www.plainesdabraham.ca\/\">Learn more<\/a><\/p>\n<\/div><\/div>\n\n\n\n<div class=\"wp-block-media-text has-media-on-the-right is-stacked-on-mobile\"><div class=\"wp-block-media-text__content\">\n<p><\/p>\n\n\n\n<h2 class=\"wp-block-heading\">6. The Citadel of Qu\u00e9bec<\/h2>\n\n\n\n<p>Overlooking the river from Cap Diamant, Qu\u00e9bec\u2019s Citadel is an imposing 19th-century fortress. Still active, it is the headquarters of the Royal 22<sup>nd<\/sup> Regiment. The site offers guided tours, a museum, and the famous Changing of the Guard in summer\u2014a unique tradition in Canada.<\/p>\n\n\n\n<p>\ud83d\uddfa\ufe0f <a href=\"https:\/\/maps.app.goo.gl\/Pdq4t28ahtxSqazx8\" target=\"_blank\" rel=\"noreferrer noopener\">Walking directions (9 minutes)<\/a><a href=\"https:\/\/maps.app.goo.gl\/hbqwcF34aH3nz1DN6\"><br><\/a>\ud83d\udd17 <a href=\"https:\/\/www.lacitadelle.qc.ca\/\" target=\"_blank\" rel=\"noreferrer noopener\">Learn more<\/a><\/p>\n<\/div><figure class=\"wp-block-media-text__media\"><img loading=\"lazy\" decoding=\"async\" width=\"1626\" height=\"1080\" src=\"https:\/\/hotelchateaulaurier.com\/wp-content\/uploads\/2025\/07\/1626px-la_citadelle_de_quebec_vue_du_ciel.jpg\" alt=\"\" class=\"wp-image-12644 size-full\" srcset=\"https:\/\/hotelchateaulaurier.com\/wp-content\/uploads\/2025\/07\/1626px-la_citadelle_de_quebec_vue_du_ciel.jpg 1626w, https:\/\/hotelchateaulaurier.com\/wp-content\/uploads\/2025\/07\/1626px-la_citadelle_de_quebec_vue_du_ciel-300x199.jpg 300w, https:\/\/hotelchateaulaurier.com\/wp-content\/uploads\/2025\/07\/1626px-la_citadelle_de_quebec_vue_du_ciel-768x510.jpg 768w, https:\/\/hotelchateaulaurier.com\/wp-content\/uploads\/2025\/07\/1626px-la_citadelle_de_quebec_vue_du_ciel-1536x1020.jpg 1536w\" sizes=\"auto, (max-width: 1626px) 100vw, 1626px\" \/><\/figure><\/div>\n\n\n\n<div style=\"height:42px\" aria-hidden=\"true\" class=\"wp-block-spacer\"><\/div>\n\n\n\n<figure class=\"wp-block-table is-style-stripes\"><table class=\"has-fixed-layout\"><tbody><tr><td>Haven\u2019t booked your stay with us yet? <a href=\"https:\/\/hotelchateaulaurier.com\/en\/quebec-city-hotel-rooms\/\" target=\"_blank\" rel=\"noreferrer noopener\">Choose from our rooms<\/a> for your next relaxing wellness getaway, or check out <a href=\"https:\/\/hotelchateaulaurier.com\/en\/quebec-city-hotel-deal-package\/\" target=\"_blank\" rel=\"noreferrer noopener\">our current offers<\/a>. Our team will gladly share more about Quebec\u2019s attractions to make your trip unforgettable. See you soon!<\/td><\/tr><\/tbody><\/table><\/figure>\n\n\n\n<p><\/p>\n","protected":false},"excerpt":{"rendered":"<p>Discover the best tourist attractions in Quebec just minutes from the hotel. 1. Wander through Old Qu\u00e9bec A UNESCO World Heritage Site, this European-style district is the historic heart of the city. Wander through its cobblestone streets, lively squares and unique architecture. \ud83d\uddfa\ufe0f Walking directions (12 minutes)\ud83d\udd17 Learn more 2. Admire Ch\u00e2teau Frontenac The ultimate [&hellip;]<\/p>\n","protected":false},"author":11,"featured_media":12586,"parent":0,"menu_order":0,"comment_status":"closed","ping_status":"closed","template":"","meta":{"_acf_changed":false,"footnotes":""},"class_list":["post-12641","page","type-page","status-publish","has-post-thumbnail","hentry"],"acf":[],"yoast_head":"<!-- This site is optimized with the Yoast SEO plugin v27.4 - https:\/\/yoast.com\/product\/yoast-seo-wordpress\/ -->\n<title>Top 6 Tourist Attractions in Quebec City in 2025 - H\u00f4tel Ch\u00e2teau Laurier Qu\u00e9bec<\/title>\n<meta name=\"description\" content=\"The most beautiful tourist attractions in Quebec City that you must visit when staying at the Hotel Ch\u00e2teau Laurier Quebec.\" \/>\n<meta name=\"robots\" content=\"index, follow, max-snippet:-1, max-image-preview:large, max-video-preview:-1\" \/>\n<link rel=\"canonical\" href=\"https:\/\/hotelchateaulaurier.com\/en\/top-6-tourist-attractions-in-quebec-city-in-2025\/\" \/>\n<meta property=\"og:locale\" content=\"en_US\" \/>\n<meta property=\"og:type\" content=\"article\" \/>\n<meta property=\"og:title\" content=\"Top 6 Tourist Attractions in Quebec City in 2025 - H\u00f4tel Ch\u00e2teau Laurier Qu\u00e9bec\" \/>\n<meta property=\"og:description\" content=\"The most beautiful tourist attractions in Quebec City that you must visit when staying at the Hotel Ch\u00e2teau Laurier Quebec.\" \/>\n<meta property=\"og:url\" content=\"https:\/\/hotelchateaulaurier.com\/en\/top-6-tourist-attractions-in-quebec-city-in-2025\/\" \/>\n<meta property=\"og:site_name\" content=\"H\u00f4tel Ch\u00e2teau Laurier Qu\u00e9bec\" \/>\n<meta property=\"article:modified_time\" content=\"2025-07-30T09:57:05+00:00\" \/>\n<meta property=\"og:image\" content=\"https:\/\/hotelchateaulaurier.com\/wp-content\/uploads\/2025\/07\/io_5564.jpg\" \/>\n\t<meta property=\"og:image:width\" content=\"1024\" \/>\n\t<meta property=\"og:image:height\" content=\"683\" \/>\n\t<meta property=\"og:image:type\" content=\"image\/jpeg\" \/>\n<meta name=\"twitter:card\" content=\"summary_large_image\" \/>\n<meta name=\"twitter:label1\" content=\"Est. reading time\" \/>\n\t<meta name=\"twitter:data1\" content=\"4 minutes\" \/>\n<!-- \/ Yoast SEO plugin. -->","yoast_head_json":{"title":"Top 6 Tourist Attractions in Quebec City in 2025 - H\u00f4tel Ch\u00e2teau Laurier Qu\u00e9bec","description":"The most beautiful tourist attractions in Quebec City that you must visit when staying at the Hotel Ch\u00e2teau Laurier Quebec.","robots":{"index":"index","follow":"follow","max-snippet":"max-snippet:-1","max-image-preview":"max-image-preview:large","max-video-preview":"max-video-preview:-1"},"canonical":"https:\/\/hotelchateaulaurier.com\/en\/top-6-tourist-attractions-in-quebec-city-in-2025\/","og_locale":"en_US","og_type":"article","og_title":"Top 6 Tourist Attractions in Quebec City in 2025 - H\u00f4tel Ch\u00e2teau Laurier Qu\u00e9bec","og_description":"The most beautiful tourist attractions in Quebec City that you must visit when staying at the Hotel Ch\u00e2teau Laurier Quebec.","og_url":"https:\/\/hotelchateaulaurier.com\/en\/top-6-tourist-attractions-in-quebec-city-in-2025\/","og_site_name":"H\u00f4tel Ch\u00e2teau Laurier Qu\u00e9bec","article_modified_time":"2025-07-30T09:57:05+00:00","og_image":[{"url":"https:\/\/hotelchateaulaurier.com\/wp-content\/uploads\/2025\/07\/io_5564.jpg","width":1024,"height":683,"type":"image\/jpeg"}],"twitter_card":"summary_large_image","twitter_misc":{"Est. reading time":"4 minutes"},"schema":{"@context":"https:\/\/schema.org","@graph":[{"@type":"WebPage","@id":"https:\/\/hotelchateaulaurier.com\/en\/top-6-tourist-attractions-in-quebec-city-in-2025\/","url":"https:\/\/hotelchateaulaurier.com\/en\/top-6-tourist-attractions-in-quebec-city-in-2025\/","name":"Top 6 Tourist Attractions in Quebec City in 2025 - H\u00f4tel Ch\u00e2teau Laurier Qu\u00e9bec","isPartOf":{"@id":"https:\/\/hotelchateaulaurier.com\/en\/#website"},"primaryImageOfPage":{"@id":"https:\/\/hotelchateaulaurier.com\/en\/top-6-tourist-attractions-in-quebec-city-in-2025\/#primaryimage"},"image":{"@id":"https:\/\/hotelchateaulaurier.com\/en\/top-6-tourist-attractions-in-quebec-city-in-2025\/#primaryimage"},"thumbnailUrl":"https:\/\/hotelchateaulaurier.com\/wp-content\/uploads\/2025\/07\/io_5564.jpg","datePublished":"2025-07-30T09:38:04+00:00","dateModified":"2025-07-30T09:57:05+00:00","description":"The most beautiful tourist attractions in Quebec City that you must visit when staying at the Hotel Ch\u00e2teau Laurier Quebec.","breadcrumb":{"@id":"https:\/\/hotelchateaulaurier.com\/en\/top-6-tourist-attractions-in-quebec-city-in-2025\/#breadcrumb"},"inLanguage":"en-US","potentialAction":[{"@type":"ReadAction","target":["https:\/\/hotelchateaulaurier.com\/en\/top-6-tourist-attractions-in-quebec-city-in-2025\/"]}]},{"@type":"ImageObject","inLanguage":"en-US","@id":"https:\/\/hotelchateaulaurier.com\/en\/top-6-tourist-attractions-in-quebec-city-in-2025\/#primaryimage","url":"https:\/\/hotelchateaulaurier.com\/wp-content\/uploads\/2025\/07\/io_5564.jpg","contentUrl":"https:\/\/hotelchateaulaurier.com\/wp-content\/uploads\/2025\/07\/io_5564.jpg","width":8192,"height":5464},{"@type":"BreadcrumbList","@id":"https:\/\/hotelchateaulaurier.com\/en\/top-6-tourist-attractions-in-quebec-city-in-2025\/#breadcrumb","itemListElement":[{"@type":"ListItem","position":1,"name":"Accueil","item":"https:\/\/hotelchateaulaurier.com\/en\/"},{"@type":"ListItem","position":2,"name":"Top 6 Tourist Attractions in Quebec City in 2025"}]},{"@type":"WebSite","@id":"https:\/\/hotelchateaulaurier.com\/en\/#website","url":"https:\/\/hotelchateaulaurier.com\/en\/","name":"H\u00f4tel Ch\u00e2teau Laurier Qu\u00e9bec","description":"","potentialAction":[{"@type":"SearchAction","target":{"@type":"EntryPoint","urlTemplate":"https:\/\/hotelchateaulaurier.com\/en\/?s={search_term_string}"},"query-input":{"@type":"PropertyValueSpecification","valueRequired":true,"valueName":"search_term_string"}}],"inLanguage":"en-US"}]}},"_links":{"self":[{"href":"https:\/\/hotelchateaulaurier.com\/en\/wp-json\/wp\/v2\/pages\/12641","targetHints":{"allow":["GET"]}}],"collection":[{"href":"https:\/\/hotelchateaulaurier.com\/en\/wp-json\/wp\/v2\/pages"}],"about":[{"href":"https:\/\/hotelchateaulaurier.com\/en\/wp-json\/wp\/v2\/types\/page"}],"author":[{"embeddable":true,"href":"https:\/\/hotelchateaulaurier.com\/en\/wp-json\/wp\/v2\/users\/11"}],"replies":[{"embeddable":true,"href":"https:\/\/hotelchateaulaurier.com\/en\/wp-json\/wp\/v2\/comments?post=12641"}],"version-history":[{"count":2,"href":"https:\/\/hotelchateaulaurier.com\/en\/wp-json\/wp\/v2\/pages\/12641\/revisions"}],"predecessor-version":[{"id":12666,"href":"https:\/\/hotelchateaulaurier.com\/en\/wp-json\/wp\/v2\/pages\/12641\/revisions\/12666"}],"wp:featuredmedia":[{"embeddable":true,"href":"https:\/\/hotelchateaulaurier.com\/en\/wp-json\/wp\/v2\/media\/12586"}],"wp:attachment":[{"href":"https:\/\/hotelchateaulaurier.com\/en\/wp-json\/wp\/v2\/media?parent=12641"}],"curies":[{"name":"wp","href":"https:\/\/api.w.org\/{rel}","templated":true}]}}