{"id":12610,"date":"2025-07-22T07:13:22","date_gmt":"2025-07-22T07:13:22","guid":{"rendered":"https:\/\/hotelchateaulaurier.com\/?page_id=12610"},"modified":"2026-03-05T15:09:03","modified_gmt":"2026-03-05T15:09:03","slug":"travel-with-dog","status":"publish","type":"page","link":"https:\/\/hotelchateaulaurier.com\/en\/travel-with-dog\/","title":{"rendered":"Travel Easy with Your Dog"},"content":{"rendered":"\n<div class=\"wp-block-columns is-layout-flex wp-container-core-columns-is-layout-9d6595d7 wp-block-columns-is-layout-flex\">\n<div class=\"wp-block-column is-layout-flow wp-block-column-is-layout-flow\">\n<figure class=\"wp-block-image size-full wp-duotone-unset-1\"><img loading=\"lazy\" decoding=\"async\" width=\"1280\" height=\"1280\" src=\"https:\/\/hotelchateaulaurier.com\/wp-content\/uploads\/2025\/03\/5dedb498-ac5c-4538-998c-3b3431418c60-edited-1.jpg\" alt=\"\" class=\"wp-image-12337\" srcset=\"https:\/\/hotelchateaulaurier.com\/wp-content\/uploads\/2025\/03\/5dedb498-ac5c-4538-998c-3b3431418c60-edited-1.jpg 1280w, https:\/\/hotelchateaulaurier.com\/wp-content\/uploads\/2025\/03\/5dedb498-ac5c-4538-998c-3b3431418c60-edited-1-300x300.jpg 300w, https:\/\/hotelchateaulaurier.com\/wp-content\/uploads\/2025\/03\/5dedb498-ac5c-4538-998c-3b3431418c60-edited-1-150x150.jpg 150w, https:\/\/hotelchateaulaurier.com\/wp-content\/uploads\/2025\/03\/5dedb498-ac5c-4538-998c-3b3431418c60-edited-1-768x768.jpg 768w\" sizes=\"auto, (max-width: 1280px) 100vw, 1280px\" \/><\/figure>\n<\/div>\n\n\n\n<div class=\"wp-block-column is-layout-flow wp-block-column-is-layout-flow\">\n<p><strong>Travelling with your dog should never be a hassle.<\/strong><\/p>\n\n\n\n<p>We do everything in our power to ensure that you and your companion enjoy a pleasant, carefree stay.<\/p>\n\n\n\n<p>Find out more about our dog-friendly policy, designed to ensure the comfort, safety and peace of mind of all our guests.<\/p>\n\n\n\n<h2 class=\"wp-block-heading\">Our welcome amenities<\/h2>\n\n\n\n<ul class=\"wp-block-list\">\n<li>Loan of dog bowls during your stay<\/li>\n<\/ul>\n\n\n\n<ul class=\"wp-block-list\">\n<li>A treat on arrival<\/li>\n<\/ul>\n\n\n\n<ul class=\"wp-block-list\">\n<li>Waste bag dispenser<\/li>\n<\/ul>\n<\/div>\n<\/div>\n\n\n\n<h2 class=\"wp-block-heading has-text-align-left has-black-background-color has-background\">Please note:  Service dogs are welcome without restriction and are not subject to the conditions applicable to pets, subject to presentation of a document attesting to their status.<\/h2>\n\n\n\n<div style=\"height:40px\" aria-hidden=\"true\" class=\"wp-block-spacer\"><\/div>\n\n\n\n<div class=\"wp-block-columns is-layout-flex wp-container-core-columns-is-layout-9d6595d7 wp-block-columns-is-layout-flex\">\n<div class=\"wp-block-column is-vertically-aligned-center is-layout-flow wp-block-column-is-layout-flow\" style=\"flex-basis:20%\"><div class=\"wp-block-image\">\n<figure class=\"alignleft size-full is-resized\"><img loading=\"lazy\" decoding=\"async\" width=\"250\" height=\"250\" src=\"https:\/\/hotelchateaulaurier.com\/wp-content\/uploads\/2025\/03\/toutourisme.png\" alt=\"\" class=\"wp-image-12246\" style=\"width:138px;height:auto\" srcset=\"https:\/\/hotelchateaulaurier.com\/wp-content\/uploads\/2025\/03\/toutourisme.png 250w, https:\/\/hotelchateaulaurier.com\/wp-content\/uploads\/2025\/03\/toutourisme-150x150.png 150w\" sizes=\"auto, (max-width: 250px) 100vw, 250px\" \/><\/figure>\n<\/div><\/div>\n\n\n\n<div class=\"wp-block-column is-layout-flow wp-block-column-is-layout-flow\" style=\"flex-basis:66.66%\">\n<h2 class=\"wp-block-heading\">Toutourisme Qu\u00e9bec Member<\/h2>\n\n\n\n<p>Because they&#8217;re essential to our lives and deserve to travel with us!<br>If you are a member of Club Amitoutou of Toutourisme Qu\u00e9bec, you will be entitled to a free cleaning fee ($50) for one night during your stay.<\/p>\n<\/div>\n<\/div>\n\n\n\n<div style=\"height:40px\" aria-hidden=\"true\" class=\"wp-block-spacer\"><\/div>\n\n\n\n<div class=\"wp-block-columns is-layout-flex wp-container-core-columns-is-layout-9d6595d7 wp-block-columns-is-layout-flex\">\n<div class=\"wp-block-column is-layout-flow wp-block-column-is-layout-flow\" style=\"flex-basis:66.66%\">\n<figure class=\"wp-block-image size-full\"><img loading=\"lazy\" decoding=\"async\" width=\"3277\" height=\"2186\" src=\"https:\/\/hotelchateaulaurier.com\/wp-content\/uploads\/2025\/03\/chateau_laurier_2022_staff-2845-2.jpg\" alt=\"\" class=\"wp-image-12263\" srcset=\"https:\/\/hotelchateaulaurier.com\/wp-content\/uploads\/2025\/03\/chateau_laurier_2022_staff-2845-2.jpg 3277w, https:\/\/hotelchateaulaurier.com\/wp-content\/uploads\/2025\/03\/chateau_laurier_2022_staff-2845-2-300x200.jpg 300w, https:\/\/hotelchateaulaurier.com\/wp-content\/uploads\/2025\/03\/chateau_laurier_2022_staff-2845-2-768x512.jpg 768w, https:\/\/hotelchateaulaurier.com\/wp-content\/uploads\/2025\/03\/chateau_laurier_2022_staff-2845-2-1536x1025.jpg 1536w, https:\/\/hotelchateaulaurier.com\/wp-content\/uploads\/2025\/03\/chateau_laurier_2022_staff-2845-2-2000x1334.jpg 2000w\" sizes=\"auto, (max-width: 3277px) 100vw, 3277px\" \/><\/figure>\n<\/div>\n\n\n\n<div class=\"wp-block-column is-layout-flow wp-block-column-is-layout-flow\" style=\"flex-basis:33.33%\">\n<div class=\"wp-block-group is-layout-grid wp-container-core-group-is-layout-9649a0d9 wp-block-group-is-layout-grid\"><\/div>\n<\/div>\n<\/div>\n\n\n\n<div class=\"wp-block-group is-nowrap is-layout-flex wp-container-core-group-is-layout-ad2f72ca wp-block-group-is-layout-flex\">\n<h2 class=\"wp-block-heading has-text-align-center has-beige-200-background-color has-background\">Our hospitality policy<\/h2>\n<\/div>\n\n\n\n<div class=\"wp-block-columns is-layout-flex wp-container-core-columns-is-layout-9d6595d7 wp-block-columns-is-layout-flex\">\n<div class=\"wp-block-column is-layout-flow wp-block-column-is-layout-flow\">\n<div class=\"wp-block-columns is-layout-flex wp-container-core-columns-is-layout-9d6595d7 wp-block-columns-is-layout-flex\">\n<div class=\"wp-block-column is-layout-flow wp-block-column-is-layout-flow\">\n<ul class=\"wp-block-list\">\n<li>A fee of $50 per day applies.<\/li>\n\n\n\n<li>Only one dog, weighing a maximum of approximately 35 kg \/ 75 lb, is accepted.<\/li>\n\n\n\n<li>The dog must be kept on a leash at all times when in the hotel.<\/li>\n\n\n\n<li>A selection of Classique rooms has been designed to accommodate you and your faithful friend.<\/li>\n\n\n\n<li>Access to the St-Hubert dining room, inner courtyard, pool and spa areas, massage room and fitness room is forbidden to pets. You may walk through the hotel lobby with your pet, but you may not stop.<\/li>\n\n\n\n<li>A telephone number will be requested to contact you in the event of a problem. We ask that you be informed at all times if your pet is left alone in the room.<\/li>\n<\/ul>\n<\/div>\n\n\n\n<div class=\"wp-block-column is-layout-flow wp-block-column-is-layout-flow\">\n<ul class=\"wp-block-list\">\n<li>Cleaning of the room during your stay must be done without the animal in the room. Please contact the team to make arrangements.<\/li>\n\n\n\n<li>It is your responsibility to pick up after your pet, both inside and outside the establishment.<\/li>\n\n\n\n<li>Any damage caused by your pet will be charged to your credit card.<\/li>\n\n\n\n<li>Any noise produced by your pet that disturbs other hotel guests may result in a penalty.<\/li>\n\n\n\n<li>The customer assumes all financial and moral responsibility in the event of another hotel guest becoming the victim of their pet during an incident on the premises.\u00a0<\/li>\n<\/ul>\n<\/div>\n\n\n\n<div class=\"wp-block-column is-layout-flow wp-block-column-is-layout-flow\"><\/div>\n<\/div>\n<\/div>\n<\/div>\n","protected":false},"excerpt":{"rendered":"<p>Travelling with your dog should never be a hassle. We do everything in our power to ensure that you and your companion enjoy a pleasant, carefree stay. Find out more about our dog-friendly policy, designed to ensure the comfort, safety and peace of mind of all our guests. Our welcome amenities Please note: Service dogs [&hellip;]<\/p>\n","protected":false},"author":11,"featured_media":12235,"parent":0,"menu_order":0,"comment_status":"closed","ping_status":"closed","template":"","meta":{"_acf_changed":false,"footnotes":""},"class_list":["post-12610","page","type-page","status-publish","has-post-thumbnail","hentry"],"acf":[],"yoast_head":"<!-- This site is optimized with the Yoast SEO plugin v27.1.1 - https:\/\/yoast.com\/product\/yoast-seo-wordpress\/ -->\n<title>Travel Easy with Your Dog - H\u00f4tel Ch\u00e2teau Laurier Qu\u00e9bec<\/title>\n<meta name=\"robots\" content=\"index, follow, max-snippet:-1, max-image-preview:large, max-video-preview:-1\" \/>\n<link rel=\"canonical\" href=\"https:\/\/hotelchateaulaurier.com\/en\/travel-with-dog\/\" \/>\n<meta property=\"og:locale\" content=\"en_US\" \/>\n<meta property=\"og:type\" content=\"article\" \/>\n<meta property=\"og:title\" content=\"Travel Easy with Your Dog - H\u00f4tel Ch\u00e2teau Laurier Qu\u00e9bec\" \/>\n<meta property=\"og:description\" content=\"Travelling with your dog should never be a hassle. We do everything in our power to ensure that you and your companion enjoy a pleasant, carefree stay. Find out more about our dog-friendly policy, designed to ensure the comfort, safety and peace of mind of all our guests. Our welcome amenities Please note: Service dogs [&hellip;]\" \/>\n<meta property=\"og:url\" content=\"https:\/\/hotelchateaulaurier.com\/en\/travel-with-dog\/\" \/>\n<meta property=\"og:site_name\" content=\"H\u00f4tel Ch\u00e2teau Laurier Qu\u00e9bec\" \/>\n<meta property=\"article:modified_time\" content=\"2026-03-05T15:09:03+00:00\" \/>\n<meta property=\"og:image\" content=\"https:\/\/hotelchateaulaurier.com\/wp-content\/uploads\/2025\/03\/chien_reception_h.jpg\" \/>\n\t<meta property=\"og:image:width\" content=\"1024\" \/>\n\t<meta property=\"og:image:height\" content=\"683\" \/>\n\t<meta property=\"og:image:type\" content=\"image\/jpeg\" \/>\n<meta name=\"twitter:card\" content=\"summary_large_image\" \/>\n<meta name=\"twitter:label1\" content=\"Est. reading time\" \/>\n\t<meta name=\"twitter:data1\" content=\"3 minutes\" \/>\n<!-- \/ Yoast SEO plugin. -->","yoast_head_json":{"title":"Travel Easy with Your Dog - H\u00f4tel Ch\u00e2teau Laurier Qu\u00e9bec","robots":{"index":"index","follow":"follow","max-snippet":"max-snippet:-1","max-image-preview":"max-image-preview:large","max-video-preview":"max-video-preview:-1"},"canonical":"https:\/\/hotelchateaulaurier.com\/en\/travel-with-dog\/","og_locale":"en_US","og_type":"article","og_title":"Travel Easy with Your Dog - H\u00f4tel Ch\u00e2teau Laurier Qu\u00e9bec","og_description":"Travelling with your dog should never be a hassle. We do everything in our power to ensure that you and your companion enjoy a pleasant, carefree stay. Find out more about our dog-friendly policy, designed to ensure the comfort, safety and peace of mind of all our guests. Our welcome amenities Please note: Service dogs [&hellip;]","og_url":"https:\/\/hotelchateaulaurier.com\/en\/travel-with-dog\/","og_site_name":"H\u00f4tel Ch\u00e2teau Laurier Qu\u00e9bec","article_modified_time":"2026-03-05T15:09:03+00:00","og_image":[{"url":"https:\/\/hotelchateaulaurier.com\/wp-content\/uploads\/2025\/03\/chien_reception_h.jpg","width":1024,"height":683,"type":"image\/jpeg"}],"twitter_card":"summary_large_image","twitter_misc":{"Est. reading time":"3 minutes"},"schema":{"@context":"https:\/\/schema.org","@graph":[{"@type":"WebPage","@id":"https:\/\/hotelchateaulaurier.com\/en\/travel-with-dog\/","url":"https:\/\/hotelchateaulaurier.com\/en\/travel-with-dog\/","name":"Travel Easy with Your Dog - H\u00f4tel Ch\u00e2teau Laurier Qu\u00e9bec","isPartOf":{"@id":"https:\/\/hotelchateaulaurier.com\/en\/#website"},"primaryImageOfPage":{"@id":"https:\/\/hotelchateaulaurier.com\/en\/travel-with-dog\/#primaryimage"},"image":{"@id":"https:\/\/hotelchateaulaurier.com\/en\/travel-with-dog\/#primaryimage"},"thumbnailUrl":"https:\/\/hotelchateaulaurier.com\/wp-content\/uploads\/2025\/03\/chien_reception_h.jpg","datePublished":"2025-07-22T07:13:22+00:00","dateModified":"2026-03-05T15:09:03+00:00","breadcrumb":{"@id":"https:\/\/hotelchateaulaurier.com\/en\/travel-with-dog\/#breadcrumb"},"inLanguage":"en-US","potentialAction":[{"@type":"ReadAction","target":["https:\/\/hotelchateaulaurier.com\/en\/travel-with-dog\/"]}]},{"@type":"ImageObject","inLanguage":"en-US","@id":"https:\/\/hotelchateaulaurier.com\/en\/travel-with-dog\/#primaryimage","url":"https:\/\/hotelchateaulaurier.com\/wp-content\/uploads\/2025\/03\/chien_reception_h.jpg","contentUrl":"https:\/\/hotelchateaulaurier.com\/wp-content\/uploads\/2025\/03\/chien_reception_h.jpg","width":2048,"height":1366,"caption":"Chambre de commerce de Qu\u00e9bec"},{"@type":"BreadcrumbList","@id":"https:\/\/hotelchateaulaurier.com\/en\/travel-with-dog\/#breadcrumb","itemListElement":[{"@type":"ListItem","position":1,"name":"Accueil","item":"https:\/\/hotelchateaulaurier.com\/en\/"},{"@type":"ListItem","position":2,"name":"Travel Easy with Your Dog"}]},{"@type":"WebSite","@id":"https:\/\/hotelchateaulaurier.com\/en\/#website","url":"https:\/\/hotelchateaulaurier.com\/en\/","name":"H\u00f4tel Ch\u00e2teau Laurier Qu\u00e9bec","description":"","potentialAction":[{"@type":"SearchAction","target":{"@type":"EntryPoint","urlTemplate":"https:\/\/hotelchateaulaurier.com\/en\/?s={search_term_string}"},"query-input":{"@type":"PropertyValueSpecification","valueRequired":true,"valueName":"search_term_string"}}],"inLanguage":"en-US"}]}},"_links":{"self":[{"href":"https:\/\/hotelchateaulaurier.com\/en\/wp-json\/wp\/v2\/pages\/12610","targetHints":{"allow":["GET"]}}],"collection":[{"href":"https:\/\/hotelchateaulaurier.com\/en\/wp-json\/wp\/v2\/pages"}],"about":[{"href":"https:\/\/hotelchateaulaurier.com\/en\/wp-json\/wp\/v2\/types\/page"}],"author":[{"embeddable":true,"href":"https:\/\/hotelchateaulaurier.com\/en\/wp-json\/wp\/v2\/users\/11"}],"replies":[{"embeddable":true,"href":"https:\/\/hotelchateaulaurier.com\/en\/wp-json\/wp\/v2\/comments?post=12610"}],"version-history":[{"count":2,"href":"https:\/\/hotelchateaulaurier.com\/en\/wp-json\/wp\/v2\/pages\/12610\/revisions"}],"predecessor-version":[{"id":13011,"href":"https:\/\/hotelchateaulaurier.com\/en\/wp-json\/wp\/v2\/pages\/12610\/revisions\/13011"}],"wp:featuredmedia":[{"embeddable":true,"href":"https:\/\/hotelchateaulaurier.com\/en\/wp-json\/wp\/v2\/media\/12235"}],"wp:attachment":[{"href":"https:\/\/hotelchateaulaurier.com\/en\/wp-json\/wp\/v2\/media?parent=12610"}],"curies":[{"name":"wp","href":"https:\/\/api.w.org\/{rel}","templated":true}]}}