{"id":11168,"date":"2024-06-29T02:01:41","date_gmt":"2024-06-29T02:01:41","guid":{"rendered":"https:\/\/hclq.firmecreative.com\/soumission\/"},"modified":"2025-04-10T16:37:13","modified_gmt":"2025-04-10T16:37:13","slug":"quote","status":"publish","type":"page","link":"https:\/\/hotelchateaulaurier.com\/en\/quote\/","title":{"rendered":"Quote"},"content":{"rendered":"","protected":false},"excerpt":{"rendered":"","protected":false},"author":1,"featured_media":0,"parent":0,"menu_order":0,"comment_status":"closed","ping_status":"closed","template":"template-form.php","meta":{"_acf_changed":false,"footnotes":""},"class_list":["post-11168","page","type-page","status-publish","hentry"],"acf":[],"yoast_head":"<!-- This site is optimized with the Yoast SEO plugin v27.1.1 - https:\/\/yoast.com\/product\/yoast-seo-wordpress\/ -->\n<title>Quote - H\u00f4tel Ch\u00e2teau Laurier Qu\u00e9bec<\/title>\n<meta name=\"robots\" content=\"index, follow, max-snippet:-1, max-image-preview:large, max-video-preview:-1\" \/>\n<link rel=\"canonical\" href=\"https:\/\/hotelchateaulaurier.com\/en\/quote\/\" \/>\n<meta property=\"og:locale\" content=\"en_US\" \/>\n<meta property=\"og:type\" content=\"article\" \/>\n<meta property=\"og:title\" content=\"Quote - H\u00f4tel Ch\u00e2teau Laurier Qu\u00e9bec\" \/>\n<meta property=\"og:url\" content=\"https:\/\/hotelchateaulaurier.com\/en\/quote\/\" \/>\n<meta property=\"og:site_name\" content=\"H\u00f4tel Ch\u00e2teau Laurier Qu\u00e9bec\" \/>\n<meta property=\"article:modified_time\" content=\"2025-04-10T16:37:13+00:00\" \/>\n<meta property=\"og:image\" content=\"https:\/\/hotelchateaulaurier.com\/wp-content\/uploads\/2024\/09\/hcle_og_image.jpg\" \/>\n\t<meta property=\"og:image:width\" content=\"1200\" \/>\n\t<meta property=\"og:image:height\" content=\"630\" \/>\n\t<meta property=\"og:image:type\" content=\"image\/jpeg\" \/>\n<meta name=\"twitter:card\" content=\"summary_large_image\" \/>\n<!-- \/ Yoast SEO plugin. -->","yoast_head_json":{"title":"Quote - H\u00f4tel Ch\u00e2teau Laurier Qu\u00e9bec","robots":{"index":"index","follow":"follow","max-snippet":"max-snippet:-1","max-image-preview":"max-image-preview:large","max-video-preview":"max-video-preview:-1"},"canonical":"https:\/\/hotelchateaulaurier.com\/en\/quote\/","og_locale":"en_US","og_type":"article","og_title":"Quote - H\u00f4tel Ch\u00e2teau Laurier Qu\u00e9bec","og_url":"https:\/\/hotelchateaulaurier.com\/en\/quote\/","og_site_name":"H\u00f4tel Ch\u00e2teau Laurier Qu\u00e9bec","article_modified_time":"2025-04-10T16:37:13+00:00","og_image":[{"width":1200,"height":630,"url":"https:\/\/hotelchateaulaurier.com\/wp-content\/uploads\/2024\/09\/hcle_og_image.jpg","type":"image\/jpeg"}],"twitter_card":"summary_large_image","schema":{"@context":"https:\/\/schema.org","@graph":[{"@type":"WebPage","@id":"https:\/\/hotelchateaulaurier.com\/en\/quote\/","url":"https:\/\/hotelchateaulaurier.com\/en\/quote\/","name":"Quote - H\u00f4tel Ch\u00e2teau Laurier Qu\u00e9bec","isPartOf":{"@id":"https:\/\/hotelchateaulaurier.com\/en\/#website"},"datePublished":"2024-06-29T02:01:41+00:00","dateModified":"2025-04-10T16:37:13+00:00","breadcrumb":{"@id":"https:\/\/hotelchateaulaurier.com\/en\/quote\/#breadcrumb"},"inLanguage":"en-US","potentialAction":[{"@type":"ReadAction","target":["https:\/\/hotelchateaulaurier.com\/en\/quote\/"]}]},{"@type":"BreadcrumbList","@id":"https:\/\/hotelchateaulaurier.com\/en\/quote\/#breadcrumb","itemListElement":[{"@type":"ListItem","position":1,"name":"Accueil","item":"https:\/\/hotelchateaulaurier.com\/en\/"},{"@type":"ListItem","position":2,"name":"Quote"}]},{"@type":"WebSite","@id":"https:\/\/hotelchateaulaurier.com\/en\/#website","url":"https:\/\/hotelchateaulaurier.com\/en\/","name":"H\u00f4tel Ch\u00e2teau Laurier Qu\u00e9bec","description":"","potentialAction":[{"@type":"SearchAction","target":{"@type":"EntryPoint","urlTemplate":"https:\/\/hotelchateaulaurier.com\/en\/?s={search_term_string}"},"query-input":{"@type":"PropertyValueSpecification","valueRequired":true,"valueName":"search_term_string"}}],"inLanguage":"en-US"}]}},"_links":{"self":[{"href":"https:\/\/hotelchateaulaurier.com\/en\/wp-json\/wp\/v2\/pages\/11168","targetHints":{"allow":["GET"]}}],"collection":[{"href":"https:\/\/hotelchateaulaurier.com\/en\/wp-json\/wp\/v2\/pages"}],"about":[{"href":"https:\/\/hotelchateaulaurier.com\/en\/wp-json\/wp\/v2\/types\/page"}],"author":[{"embeddable":true,"href":"https:\/\/hotelchateaulaurier.com\/en\/wp-json\/wp\/v2\/users\/1"}],"replies":[{"embeddable":true,"href":"https:\/\/hotelchateaulaurier.com\/en\/wp-json\/wp\/v2\/comments?post=11168"}],"version-history":[{"count":2,"href":"https:\/\/hotelchateaulaurier.com\/en\/wp-json\/wp\/v2\/pages\/11168\/revisions"}],"predecessor-version":[{"id":12410,"href":"https:\/\/hotelchateaulaurier.com\/en\/wp-json\/wp\/v2\/pages\/11168\/revisions\/12410"}],"wp:attachment":[{"href":"https:\/\/hotelchateaulaurier.com\/en\/wp-json\/wp\/v2\/media?parent=11168"}],"curies":[{"name":"wp","href":"https:\/\/api.w.org\/{rel}","templated":true}]}}