{"id":11153,"date":"2024-09-16T01:58:46","date_gmt":"2024-09-16T01:58:46","guid":{"rendered":"https:\/\/hclq.firmecreative.com\/affaires\/salle-de-reception\/"},"modified":"2025-10-06T09:11:42","modified_gmt":"2025-10-06T09:11:42","slug":"reception","status":"publish","type":"page","link":"https:\/\/hotelchateaulaurier.com\/en\/business\/reception\/","title":{"rendered":"Receptions and Banquets"},"content":{"rendered":"\n<div class=\"wp-block-columns is-layout-flex wp-container-core-columns-is-layout-9d6595d7 wp-block-columns-is-layout-flex\">\n<div class=\"wp-block-column is-layout-flow wp-block-column-is-layout-flow\">\n<h2 class=\"wp-block-heading\">Unforgettable memories for you and your guests.<\/h2>\n\n\n\n<p>Discover the ideal setting for your receptions and banquets at our hotel, where elegance meets exquisite taste. Whether you\u2019re planning a fairytale wedding, a prom or a festive banquet, our hotel will provide a sumptuous setting enhanced by the talent of our top-quality George V catering service. The creativity of chef Heinrich Meesen and his team is reflected in our menus, which combine traditional flavours with culinary innovations and are specially designed to dazzle your guests, making each event an unforgettable experience. With our flexible spaces that can accommodate groups of any size, meticulous attention to detail and impeccable service, we are committed to making your celebration an exceptional experience.<\/p>\n<\/div>\n\n\n\n<div class=\"wp-block-column is-layout-flow wp-block-column-is-layout-flow\"><\/div>\n<\/div>\n\n\n\n<h2 class=\"wp-block-heading\">Meet our team<\/h2>\n\n\n\n<div class=\"wp-block-columns is-layout-flex wp-container-core-columns-is-layout-9d6595d7 wp-block-columns-is-layout-flex\">\n<div class=\"wp-block-column is-layout-flow wp-block-column-is-layout-flow\">\n<div class=\"wp-block-group contact-pattern\"><div class=\"wp-block-group__inner-container is-layout-constrained wp-block-group-is-layout-constrained\">\n<h3 class=\"wp-block-heading contact-pattern__title\">Am\u00e9lie No\u00ebl<\/h3>\n\n\n\n<p class=\"contact-pattern__coords\">Business Development and Events Manager \u2013 Le Croquembouche Catering, Weddings, Holiday Parties, Social, Voltigeurs de Qu\u00e9bec Armoury Catering, External Catering<br>Phone: 418-522-384, ext. 1637<br>USA: 1-877-522-8108<br>Email: <a href=\"mailto:amelienoel@vieuxquebec.com\">amelienoel@vieuxquebec.com<\/a><\/p>\n<\/div><\/div>\n<\/div>\n\n\n\n<div class=\"wp-block-column is-layout-flow wp-block-column-is-layout-flow\">\n<div class=\"wp-block-group contact-pattern\"><div class=\"wp-block-group__inner-container is-layout-constrained wp-block-group-is-layout-constrained\">\n<h3 class=\"wp-block-heading contact-pattern__title\"><\/h3>\n\n\n\n<p class=\"contact-pattern__coords\"><\/p>\n<\/div><\/div>\n<\/div>\n\n\n\n<div class=\"wp-block-column is-layout-flow wp-block-column-is-layout-flow\"><\/div>\n<\/div>\n\n\n\n<div style=\"height:100px\" aria-hidden=\"true\" class=\"wp-block-spacer\"><\/div>\n","protected":false},"excerpt":{"rendered":"<p>The ideal choice for parties and social events, the H\u00f4tel Ch\u00e2teau Laurier Qu\u00e9bec will ensure that your most important moments are celebrated in an unforgettable setting.<\/p>\n","protected":false},"author":1,"featured_media":264,"parent":11133,"menu_order":0,"comment_status":"closed","ping_status":"closed","template":"","meta":{"_acf_changed":false,"footnotes":""},"class_list":["post-11153","page","type-page","status-publish","has-post-thumbnail","hentry"],"acf":[],"yoast_head":"<!-- This site is optimized with the Yoast SEO plugin v27.1.1 - https:\/\/yoast.com\/product\/yoast-seo-wordpress\/ -->\n<title>Reception Hall Rentals - H\u00f4tel Ch\u00e2teau Laurier Qu\u00e9bec<\/title>\n<meta name=\"description\" content=\"Explore our reception halls located just steps from Old Quebec. Elegant and refined setting, modern facilities, and exceptional service.\" \/>\n<meta name=\"robots\" content=\"index, follow, max-snippet:-1, max-image-preview:large, max-video-preview:-1\" \/>\n<link rel=\"canonical\" href=\"https:\/\/hotelchateaulaurier.com\/en\/business\/reception\/\" \/>\n<meta property=\"og:locale\" content=\"en_US\" \/>\n<meta property=\"og:type\" content=\"article\" \/>\n<meta property=\"og:title\" content=\"Reception Hall Rentals - H\u00f4tel Ch\u00e2teau Laurier Qu\u00e9bec\" \/>\n<meta property=\"og:description\" content=\"Explore our reception halls located just steps from Old Quebec. Elegant and refined setting, modern facilities, and exceptional service.\" \/>\n<meta property=\"og:url\" content=\"https:\/\/hotelchateaulaurier.com\/en\/business\/reception\/\" \/>\n<meta property=\"og:site_name\" content=\"H\u00f4tel Ch\u00e2teau Laurier Qu\u00e9bec\" \/>\n<meta property=\"article:modified_time\" content=\"2025-10-06T09:11:42+00:00\" \/>\n<meta property=\"og:image\" content=\"https:\/\/hotelchateaulaurier.com\/wp-content\/uploads\/2024\/06\/foyerdesplainescocktailtablessoleil.jpg\" \/>\n\t<meta property=\"og:image:width\" content=\"2500\" \/>\n\t<meta property=\"og:image:height\" content=\"1667\" \/>\n\t<meta property=\"og:image:type\" content=\"image\/jpeg\" \/>\n<meta name=\"twitter:card\" content=\"summary_large_image\" \/>\n<meta name=\"twitter:label1\" content=\"Est. reading time\" \/>\n\t<meta name=\"twitter:data1\" content=\"2 minutes\" \/>\n<!-- \/ Yoast SEO plugin. -->","yoast_head_json":{"title":"Reception Hall Rentals - H\u00f4tel Ch\u00e2teau Laurier Qu\u00e9bec","description":"Explore our reception halls located just steps from Old Quebec. Elegant and refined setting, modern facilities, and exceptional service.","robots":{"index":"index","follow":"follow","max-snippet":"max-snippet:-1","max-image-preview":"max-image-preview:large","max-video-preview":"max-video-preview:-1"},"canonical":"https:\/\/hotelchateaulaurier.com\/en\/business\/reception\/","og_locale":"en_US","og_type":"article","og_title":"Reception Hall Rentals - H\u00f4tel Ch\u00e2teau Laurier Qu\u00e9bec","og_description":"Explore our reception halls located just steps from Old Quebec. Elegant and refined setting, modern facilities, and exceptional service.","og_url":"https:\/\/hotelchateaulaurier.com\/en\/business\/reception\/","og_site_name":"H\u00f4tel Ch\u00e2teau Laurier Qu\u00e9bec","article_modified_time":"2025-10-06T09:11:42+00:00","og_image":[{"width":2500,"height":1667,"url":"https:\/\/hotelchateaulaurier.com\/wp-content\/uploads\/2024\/06\/foyerdesplainescocktailtablessoleil.jpg","type":"image\/jpeg"}],"twitter_card":"summary_large_image","twitter_misc":{"Est. reading time":"2 minutes"},"schema":{"@context":"https:\/\/schema.org","@graph":[{"@type":"WebPage","@id":"https:\/\/hotelchateaulaurier.com\/en\/business\/reception\/","url":"https:\/\/hotelchateaulaurier.com\/en\/business\/reception\/","name":"Reception Hall Rentals - H\u00f4tel Ch\u00e2teau Laurier Qu\u00e9bec","isPartOf":{"@id":"https:\/\/hotelchateaulaurier.com\/en\/#website"},"primaryImageOfPage":{"@id":"https:\/\/hotelchateaulaurier.com\/en\/business\/reception\/#primaryimage"},"image":{"@id":"https:\/\/hotelchateaulaurier.com\/en\/business\/reception\/#primaryimage"},"thumbnailUrl":"https:\/\/hotelchateaulaurier.com\/wp-content\/uploads\/2024\/06\/foyerdesplainescocktailtablessoleil.jpg","datePublished":"2024-09-16T01:58:46+00:00","dateModified":"2025-10-06T09:11:42+00:00","description":"Explore our reception halls located just steps from Old Quebec. Elegant and refined setting, modern facilities, and exceptional service.","breadcrumb":{"@id":"https:\/\/hotelchateaulaurier.com\/en\/business\/reception\/#breadcrumb"},"inLanguage":"en-US","potentialAction":[{"@type":"ReadAction","target":["https:\/\/hotelchateaulaurier.com\/en\/business\/reception\/"]}]},{"@type":"ImageObject","inLanguage":"en-US","@id":"https:\/\/hotelchateaulaurier.com\/en\/business\/reception\/#primaryimage","url":"https:\/\/hotelchateaulaurier.com\/wp-content\/uploads\/2024\/06\/foyerdesplainescocktailtablessoleil.jpg","contentUrl":"https:\/\/hotelchateaulaurier.com\/wp-content\/uploads\/2024\/06\/foyerdesplainescocktailtablessoleil.jpg","width":2500,"height":1667},{"@type":"BreadcrumbList","@id":"https:\/\/hotelchateaulaurier.com\/en\/business\/reception\/#breadcrumb","itemListElement":[{"@type":"ListItem","position":1,"name":"Accueil","item":"https:\/\/hotelchateaulaurier.com\/en\/"},{"@type":"ListItem","position":2,"name":"Customized events","item":"https:\/\/hotelchateaulaurier.com\/en\/business\/"},{"@type":"ListItem","position":3,"name":"Receptions and Banquets"}]},{"@type":"WebSite","@id":"https:\/\/hotelchateaulaurier.com\/en\/#website","url":"https:\/\/hotelchateaulaurier.com\/en\/","name":"H\u00f4tel Ch\u00e2teau Laurier Qu\u00e9bec","description":"","potentialAction":[{"@type":"SearchAction","target":{"@type":"EntryPoint","urlTemplate":"https:\/\/hotelchateaulaurier.com\/en\/?s={search_term_string}"},"query-input":{"@type":"PropertyValueSpecification","valueRequired":true,"valueName":"search_term_string"}}],"inLanguage":"en-US"}]}},"_links":{"self":[{"href":"https:\/\/hotelchateaulaurier.com\/en\/wp-json\/wp\/v2\/pages\/11153","targetHints":{"allow":["GET"]}}],"collection":[{"href":"https:\/\/hotelchateaulaurier.com\/en\/wp-json\/wp\/v2\/pages"}],"about":[{"href":"https:\/\/hotelchateaulaurier.com\/en\/wp-json\/wp\/v2\/types\/page"}],"author":[{"embeddable":true,"href":"https:\/\/hotelchateaulaurier.com\/en\/wp-json\/wp\/v2\/users\/1"}],"replies":[{"embeddable":true,"href":"https:\/\/hotelchateaulaurier.com\/en\/wp-json\/wp\/v2\/comments?post=11153"}],"version-history":[{"count":2,"href":"https:\/\/hotelchateaulaurier.com\/en\/wp-json\/wp\/v2\/pages\/11153\/revisions"}],"predecessor-version":[{"id":12874,"href":"https:\/\/hotelchateaulaurier.com\/en\/wp-json\/wp\/v2\/pages\/11153\/revisions\/12874"}],"up":[{"embeddable":true,"href":"https:\/\/hotelchateaulaurier.com\/en\/wp-json\/wp\/v2\/pages\/11133"}],"wp:featuredmedia":[{"embeddable":true,"href":"https:\/\/hotelchateaulaurier.com\/en\/wp-json\/wp\/v2\/media\/264"}],"wp:attachment":[{"href":"https:\/\/hotelchateaulaurier.com\/en\/wp-json\/wp\/v2\/media?parent=11153"}],"curies":[{"name":"wp","href":"https:\/\/api.w.org\/{rel}","templated":true}]}}