{"id":11139,"date":"2024-09-16T01:34:03","date_gmt":"2024-09-16T01:34:03","guid":{"rendered":"https:\/\/hclq.firmecreative.com\/affaires\/corporatif\/"},"modified":"2025-10-06T09:10:25","modified_gmt":"2025-10-06T09:10:25","slug":"corporate","status":"publish","type":"page","link":"https:\/\/hotelchateaulaurier.com\/en\/business\/corporate\/","title":{"rendered":"Corporate and Government Events"},"content":{"rendered":"\n<div class=\"wp-block-columns is-layout-flex wp-container-core-columns-is-layout-9d6595d7 wp-block-columns-is-layout-flex\">\n<div class=\"wp-block-column is-layout-flow wp-block-column-is-layout-flow\">\n<h2 class=\"wp-block-heading\">Your next event will be a guaranteed success<\/h2>\n\n\n\n<p>Our hotel is proud to offer a selection of versatile rooms designed to meet all your needs for meetings, conferences, seminars and other professional gatherings. With our state-of-the-art facilities, personalized service and a team dedicated to making your events a success, we are the ultimate choice for businesses seeking to impress and to innovate. Discover how we can turn your ideas into reality and make your next event a resounding success.<\/p>\n<\/div>\n\n\n\n<div class=\"wp-block-column is-layout-flow wp-block-column-is-layout-flow\"><\/div>\n<\/div>\n\n\n\n<h2 class=\"wp-block-heading\" style=\"font-size:50px\">Meet our team<\/h2>\n\n\n\n<div style=\"height:30px\" aria-hidden=\"true\" class=\"wp-block-spacer\"><\/div>\n\n\n\n<div class=\"wp-block-columns is-layout-flex wp-container-core-columns-is-layout-9d6595d7 wp-block-columns-is-layout-flex\">\n<div class=\"wp-block-column is-layout-flow wp-block-column-is-layout-flow\">\n<div class=\"wp-block-group contact-pattern\"><div class=\"wp-block-group__inner-container is-layout-constrained wp-block-group-is-layout-constrained\">\n<p class=\"contact-pattern__subtitle\"><strong>Associations<\/strong><\/p>\n\n\n\n<h3 class=\"wp-block-heading contact-pattern__title\">Suzanne Voisine<\/h3>\n\n\n\n<p class=\"contact-pattern__coords\">Business Development Manager \u2013 Associations, Unions, Universit\u00e9 Laval<br>Phone: 418-522-3848, ext. 1649<br>USA: 1-866-822-9222 (Canada, USA)<br>Email: <a href=\"mailto:suzannevoisine@vieuxquebec.com\">suzannevoisine@vieuxquebec.com<\/a><\/p>\n<\/div><\/div>\n<\/div>\n\n\n\n<div class=\"wp-block-column is-layout-flow wp-block-column-is-layout-flow\">\n<div class=\"wp-block-group contact-pattern\"><div class=\"wp-block-group__inner-container is-layout-constrained wp-block-group-is-layout-constrained\">\n<p class=\"contact-pattern__subtitle\"><strong>Corporate, Federal Government and International<br><\/strong><div><span style=\"font-family: Arial; font-size: 13px; font-weight: 700;\"><\/span><\/div><\/p>\n\n\n\n<h3 class=\"wp-block-heading contact-pattern__title\">Julie Valli\u00e8res<\/h3>\n\n\n\n<p class=\"contact-pattern__coords\">Business Development Manager \u2013 Corporate, Federal Government and International<br>Phone: 418-522-3848, ext. 1604<br>USA: 1-866-822-9222 (Canada, USA)<br>Email: <a href=\"mailto:julievallieres@vieuxquebec.com\">julievallieres@vieuxquebec.com<\/a><\/p>\n<\/div><\/div>\n<\/div>\n\n\n\n<div class=\"wp-block-column is-layout-flow wp-block-column-is-layout-flow\"><\/div>\n<\/div>\n\n\n\n<div class=\"wp-block-columns is-layout-flex wp-container-core-columns-is-layout-9d6595d7 wp-block-columns-is-layout-flex\">\n<div class=\"wp-block-column is-layout-flow wp-block-column-is-layout-flow\">\n<div class=\"wp-block-group contact-pattern\"><div class=\"wp-block-group__inner-container is-layout-constrained wp-block-group-is-layout-constrained\">\n<p class=\"contact-pattern__subtitle\"><strong>Provincial Government<br><\/strong><div><span style=\"font-family: Arial; font-size: 13px; font-weight: bold; text-decoration-skip-ink: none;\"><\/span><\/div><\/p>\n\n\n\n<h3 class=\"wp-block-heading contact-pattern__title\">coming soon<\/h3>\n\n\n\n<p class=\"contact-pattern__coords\"><\/p>\n<\/div><\/div>\n<\/div>\n\n\n\n<div class=\"wp-block-column is-layout-flow wp-block-column-is-layout-flow\">\n<div class=\"wp-block-group contact-pattern\"><div class=\"wp-block-group__inner-container is-layout-constrained wp-block-group-is-layout-constrained\">\n<p class=\"contact-pattern__subtitle\"><strong>Sports and Artists<br><\/strong><div><span style=\"font-family: Arial; font-size: 13px; font-weight: bold; text-decoration-skip-ink: none;\"><\/span><\/div><\/p>\n\n\n\n<h3 class=\"wp-block-heading contact-pattern__title\">Roxanne Eusanio<\/h3>\n\n\n\n<p class=\"contact-pattern__coords\">Sales and Banquets Business Representative \u2013 Tours and Travel, Sports, Artists<br>Phone: 418-522-3848, ext. 1675<br>USA: 1-866-822-9222 (Canada, USA)<br>Email: <a href=\"mailto:roxanneeusanio@vieuxquebec.com\">roxanneeusanio@vieuxquebec.com<\/a><\/p>\n<\/div><\/div>\n<\/div>\n\n\n\n<div class=\"wp-block-column is-layout-flow wp-block-column-is-layout-flow\"><\/div>\n<\/div>\n\n\n\n<div class=\"wp-block-columns is-layout-flex wp-container-core-columns-is-layout-9d6595d7 wp-block-columns-is-layout-flex\">\n<div class=\"wp-block-column is-layout-flow wp-block-column-is-layout-flow\">\n<div class=\"wp-block-group contact-pattern\"><div class=\"wp-block-group__inner-container is-layout-constrained wp-block-group-is-layout-constrained\">\n<p class=\"contact-pattern__subtitle\"><strong>Meeting Rooms<br><\/strong><div><span style=\"font-family: Arial; font-size: 13px; font-weight: bold; text-decoration-skip-ink: none;\"><\/span><\/div><\/p>\n\n\n\n<h3 class=\"wp-block-heading contact-pattern__title\">M\u00e9lanie Lambert<\/h3>\n\n\n\n<p class=\"contact-pattern__coords\">Sales and Banquets Business Representatives<br>Phone: 418-522-3848, ext. 1882<br>USA: 1-866-822-9222 (Canada, USA)<br>Email: <a href=\"mailto:melanielambert@vieuxquebec.com\">melanielambert@vieuxquebec.com<\/a><\/p>\n<\/div><\/div>\n<\/div>\n\n\n\n<div class=\"wp-block-column is-layout-flow wp-block-column-is-layout-flow\"><\/div>\n\n\n\n<div class=\"wp-block-column is-layout-flow wp-block-column-is-layout-flow\"><\/div>\n<\/div>\n\n\n\n<div style=\"height:100px\" aria-hidden=\"true\" class=\"wp-block-spacer\"><\/div>\n","protected":false},"excerpt":{"rendered":"<p>The 17,000 square feet of meeting and reception rooms at the H\u00f4tel Ch\u00e2teau Laurier Qu\u00e9bec can accommodate groups up to 500 people for all types of corporate and government events. <\/p>\n","protected":false},"author":1,"featured_media":519,"parent":11133,"menu_order":0,"comment_status":"closed","ping_status":"closed","template":"","meta":{"_acf_changed":false,"footnotes":""},"class_list":["post-11139","page","type-page","status-publish","has-post-thumbnail","hentry"],"acf":[],"yoast_head":"<!-- This site is optimized with the Yoast SEO plugin v27.4 - https:\/\/yoast.com\/product\/yoast-seo-wordpress\/ -->\n<title>Corporate and Government Events - H\u00f4tel Ch\u00e2teau Laurier Qu\u00e9bec<\/title>\n<meta name=\"robots\" content=\"index, follow, max-snippet:-1, max-image-preview:large, max-video-preview:-1\" \/>\n<link rel=\"canonical\" href=\"https:\/\/hotelchateaulaurier.com\/en\/business\/corporate\/\" \/>\n<meta property=\"og:locale\" content=\"en_US\" \/>\n<meta property=\"og:type\" content=\"article\" \/>\n<meta property=\"og:title\" content=\"Corporate and Government Events - H\u00f4tel Ch\u00e2teau Laurier Qu\u00e9bec\" \/>\n<meta property=\"og:description\" content=\"The 17,000 square feet of meeting and reception rooms at the H\u00f4tel Ch\u00e2teau Laurier Qu\u00e9bec can accommodate groups up to 500 people for all types of corporate and government events.\" \/>\n<meta property=\"og:url\" content=\"https:\/\/hotelchateaulaurier.com\/en\/business\/corporate\/\" \/>\n<meta property=\"og:site_name\" content=\"H\u00f4tel Ch\u00e2teau Laurier Qu\u00e9bec\" \/>\n<meta property=\"article:modified_time\" content=\"2025-10-06T09:10:25+00:00\" \/>\n<meta property=\"og:image\" content=\"https:\/\/hotelchateaulaurier.com\/wp-content\/uploads\/2024\/09\/entete-lhotel.jpg\" \/>\n\t<meta property=\"og:image:width\" content=\"2800\" \/>\n\t<meta property=\"og:image:height\" content=\"1116\" \/>\n\t<meta property=\"og:image:type\" content=\"image\/jpeg\" \/>\n<meta name=\"twitter:card\" content=\"summary_large_image\" \/>\n<meta name=\"twitter:label1\" content=\"Est. reading time\" \/>\n\t<meta name=\"twitter:data1\" content=\"2 minutes\" \/>\n<!-- \/ Yoast SEO plugin. -->","yoast_head_json":{"title":"Corporate and Government Events - H\u00f4tel Ch\u00e2teau Laurier Qu\u00e9bec","robots":{"index":"index","follow":"follow","max-snippet":"max-snippet:-1","max-image-preview":"max-image-preview:large","max-video-preview":"max-video-preview:-1"},"canonical":"https:\/\/hotelchateaulaurier.com\/en\/business\/corporate\/","og_locale":"en_US","og_type":"article","og_title":"Corporate and Government Events - H\u00f4tel Ch\u00e2teau Laurier Qu\u00e9bec","og_description":"The 17,000 square feet of meeting and reception rooms at the H\u00f4tel Ch\u00e2teau Laurier Qu\u00e9bec can accommodate groups up to 500 people for all types of corporate and government events.","og_url":"https:\/\/hotelchateaulaurier.com\/en\/business\/corporate\/","og_site_name":"H\u00f4tel Ch\u00e2teau Laurier Qu\u00e9bec","article_modified_time":"2025-10-06T09:10:25+00:00","og_image":[{"width":2800,"height":1116,"url":"https:\/\/hotelchateaulaurier.com\/wp-content\/uploads\/2024\/09\/entete-lhotel.jpg","type":"image\/jpeg"}],"twitter_card":"summary_large_image","twitter_misc":{"Est. reading time":"2 minutes"},"schema":{"@context":"https:\/\/schema.org","@graph":[{"@type":"WebPage","@id":"https:\/\/hotelchateaulaurier.com\/en\/business\/corporate\/","url":"https:\/\/hotelchateaulaurier.com\/en\/business\/corporate\/","name":"Corporate and Government Events - H\u00f4tel Ch\u00e2teau Laurier Qu\u00e9bec","isPartOf":{"@id":"https:\/\/hotelchateaulaurier.com\/en\/#website"},"primaryImageOfPage":{"@id":"https:\/\/hotelchateaulaurier.com\/en\/business\/corporate\/#primaryimage"},"image":{"@id":"https:\/\/hotelchateaulaurier.com\/en\/business\/corporate\/#primaryimage"},"thumbnailUrl":"https:\/\/hotelchateaulaurier.com\/wp-content\/uploads\/2024\/09\/entete-lhotel.jpg","datePublished":"2024-09-16T01:34:03+00:00","dateModified":"2025-10-06T09:10:25+00:00","breadcrumb":{"@id":"https:\/\/hotelchateaulaurier.com\/en\/business\/corporate\/#breadcrumb"},"inLanguage":"en-US","potentialAction":[{"@type":"ReadAction","target":["https:\/\/hotelchateaulaurier.com\/en\/business\/corporate\/"]}]},{"@type":"ImageObject","inLanguage":"en-US","@id":"https:\/\/hotelchateaulaurier.com\/en\/business\/corporate\/#primaryimage","url":"https:\/\/hotelchateaulaurier.com\/wp-content\/uploads\/2024\/09\/entete-lhotel.jpg","contentUrl":"https:\/\/hotelchateaulaurier.com\/wp-content\/uploads\/2024\/09\/entete-lhotel.jpg","width":2800,"height":1116,"caption":"H\u00f4tel Ch\u00e2teau Laurier"},{"@type":"BreadcrumbList","@id":"https:\/\/hotelchateaulaurier.com\/en\/business\/corporate\/#breadcrumb","itemListElement":[{"@type":"ListItem","position":1,"name":"Accueil","item":"https:\/\/hotelchateaulaurier.com\/en\/"},{"@type":"ListItem","position":2,"name":"Customized events","item":"https:\/\/hotelchateaulaurier.com\/en\/business\/"},{"@type":"ListItem","position":3,"name":"Corporate and Government Events"}]},{"@type":"WebSite","@id":"https:\/\/hotelchateaulaurier.com\/en\/#website","url":"https:\/\/hotelchateaulaurier.com\/en\/","name":"H\u00f4tel Ch\u00e2teau Laurier Qu\u00e9bec","description":"","potentialAction":[{"@type":"SearchAction","target":{"@type":"EntryPoint","urlTemplate":"https:\/\/hotelchateaulaurier.com\/en\/?s={search_term_string}"},"query-input":{"@type":"PropertyValueSpecification","valueRequired":true,"valueName":"search_term_string"}}],"inLanguage":"en-US"}]}},"_links":{"self":[{"href":"https:\/\/hotelchateaulaurier.com\/en\/wp-json\/wp\/v2\/pages\/11139","targetHints":{"allow":["GET"]}}],"collection":[{"href":"https:\/\/hotelchateaulaurier.com\/en\/wp-json\/wp\/v2\/pages"}],"about":[{"href":"https:\/\/hotelchateaulaurier.com\/en\/wp-json\/wp\/v2\/types\/page"}],"author":[{"embeddable":true,"href":"https:\/\/hotelchateaulaurier.com\/en\/wp-json\/wp\/v2\/users\/1"}],"replies":[{"embeddable":true,"href":"https:\/\/hotelchateaulaurier.com\/en\/wp-json\/wp\/v2\/comments?post=11139"}],"version-history":[{"count":2,"href":"https:\/\/hotelchateaulaurier.com\/en\/wp-json\/wp\/v2\/pages\/11139\/revisions"}],"predecessor-version":[{"id":12872,"href":"https:\/\/hotelchateaulaurier.com\/en\/wp-json\/wp\/v2\/pages\/11139\/revisions\/12872"}],"up":[{"embeddable":true,"href":"https:\/\/hotelchateaulaurier.com\/en\/wp-json\/wp\/v2\/pages\/11133"}],"wp:featuredmedia":[{"embeddable":true,"href":"https:\/\/hotelchateaulaurier.com\/en\/wp-json\/wp\/v2\/media\/519"}],"wp:attachment":[{"href":"https:\/\/hotelchateaulaurier.com\/en\/wp-json\/wp\/v2\/media?parent=11139"}],"curies":[{"name":"wp","href":"https:\/\/api.w.org\/{rel}","templated":true}]}}